{"id":9819,"date":"2023-07-10T15:23:29","date_gmt":"2023-07-10T13:23:29","guid":{"rendered":"https:\/\/bioma.com\/politica-di-restituzione-e-spedizione\/"},"modified":"2023-08-25T16:18:49","modified_gmt":"2023-08-25T14:18:49","slug":"politica-di-restituzione-e-spedizione","status":"publish","type":"page","link":"https:\/\/bioma.com\/it\/politica-di-restituzione-e-spedizione\/","title":{"rendered":"Politica di restituzione e spedizione"},"content":{"rendered":"\t\t<div data-elementor-type=\"wp-page\" data-elementor-id=\"9819\" class=\"elementor elementor-9819 elementor-39\" data-elementor-post-type=\"page\">\n\t\t\t\t\t\t<section class=\"elementor-section elementor-top-section elementor-element elementor-element-2fc8c8fe elementor-section-full_width elementor-section-height-default elementor-section-height-default\" data-id=\"2fc8c8fe\" data-element_type=\"section\" data-e-type=\"section\">\n\t\t\t\t\t\t<div class=\"elementor-container elementor-column-gap-default\">\n\t\t\t\t\t<div class=\"elementor-column elementor-col-100 elementor-top-column elementor-element elementor-element-1b8be186\" data-id=\"1b8be186\" data-element_type=\"column\" data-e-type=\"column\">\n\t\t\t<div class=\"elementor-widget-wrap elementor-element-populated\">\n\t\t\t\t\t\t<div class=\"elementor-element elementor-element-8c338d5 elementor-widget elementor-widget-heading\" data-id=\"8c338d5\" data-element_type=\"widget\" data-e-type=\"widget\" data-widget_type=\"heading.default\">\n\t\t\t\t<div class=\"elementor-widget-container\">\n\t\t\t\t\t<h2 class=\"elementor-heading-title elementor-size-default\">Politica di restituzione e spedizione<\/h2>\t\t\t\t<\/div>\n\t\t\t\t<\/div>\n\t\t\t\t<div class=\"elementor-element elementor-element-4ced797d elementor-widget elementor-widget-text-editor\" data-id=\"4ced797d\" data-element_type=\"widget\" data-e-type=\"widget\" data-widget_type=\"text-editor.default\">\n\t\t\t\t<div class=\"elementor-widget-container\">\n\t\t\t\t\t\t\t\t\t<p><\/p>\n<p>Panoramica<\/p>\n<p><\/p>\n<p>La nostra politica di rimborso e reso ha una durata di 7 giorni lavorativi. Se sono trascorsi 7 giorni dalla data dell\u2019acquisto, non possiamo offrire un rimborso completo o uno scambio.<\/p>\n<p><\/p>\n<p>Per essere idoneo per la restituzione, il prodotto deve essere inutilizzato e nello stesso stato in cui l\u2019hai ricevuto. Deve anche essere nella confezione originale.<\/p>\n<p><\/p>\n<p>Per completare la restituzione, abbiamo bisogno di una ricevuta o di una prova d\u2019acquisto.<\/p>\n<p><\/p>\n<h4>Rimborso<\/h4>\n<p><\/p>\n<p>Una volta ricevuto e verificato il reso, ti invieremo una email per informarti che abbiamo ricevuto il tuo prodotto restituito Ti informeremo anche sull\u2019approvazione o il rifiuto del tuo rimborso.<\/p>\n<p><\/p>\n<p>Se il rimborso \u00e8 approvato, verr\u00e0 elaborato e il credito verr\u00e0 automaticamente applicato alla tua carta di credito o al tuo metodo di pagamento originale, entro 10 giorni.<\/p>\n<p><\/p>\n<h4>Rimborsi tardivi o mancanti<\/h4>\n<p><\/p>\n<p>Se non hai ancora ricevuto il rimborso, controlla nuovamente il tuo conto bancario.<\/p>\n<p><\/p>\n<p>Successivamente, contatta la tua societ\u00e0 emittente della carta di credito. Potrebbe essere necessario un certo periodo di tempo prima che il rimborso venga contabilizzato ufficialmente. Contatta poi la tua banca. Spesso c\u2019\u00e8 un periodo di elaborazione prima che il rimborso venga contabilizzato.<\/p>\n<p><\/p>\n<p>Se hai seguito tutti questi passaggi e non hai ancora ricevuto il rimborso, contattaci all\u2019indirizzo <a href=\"mailto:home@bioma.com\">home@bioma.com<\/a>.<\/p>\n<h4 style=\"font-style: normal;\">Scambi<\/h4>\n<p><\/p>\n<p>Sostituiamo i prodotti solo se sono difettosi. Se desideri effettuare uno scambio con lo stesso prodotto, inviaci una email a <a href=\"mailto:home@bioma.com\">home@bioma.com<\/a> e invia il prodotto a:<\/p>\n<p><\/p>\n<p>Bioma SA Via Luserte Sud 8<br>CH-6572 Quartino<br>Svizzera.<\/p>\n<h4>Spedizione dei resi<\/h4>\n<p><\/p>\n<p>Per restituire il tuo prodotto, devi spedirlo per posta a:<\/p>\n<p><\/p>\n<p>Bioma SA Via Luserte Sud 8<br>CH-6572 Quartino<br>Svizzera.<\/p>\n<p><\/p>\n<p>Il tempo di consegna del prodotto sostitutivo pu\u00f2 variare a seconda della tua posizione.<\/p>\n<p><\/p>\n<h4>Hai bisogno di aiuto ?<\/h4>\n<p><\/p>\n<p>Contattaci all\u2019indirizzo <a href=\"mailto:home@bioma.com\">home@bioma.com<\/a> per qualsiasi domanda riguardante rimborsi e resi.<\/p>\n<p><\/p>\t\t\t\t\t\t\t\t<\/div>\n\t\t\t\t<\/div>\n\t\t\t\t\t<\/div>\n\t\t<\/div>\n\t\t\t\t\t<\/div>\n\t\t<\/section>\n\t\t\t\t<\/div>\n\t\t","protected":false},"excerpt":{"rendered":"<p>Politica di restituzione e spedizione Panoramica La nostra politica di rimborso e reso ha una durata di 7 giorni lavorativi. Se sono trascorsi 7 giorni dalla data dell\u2019acquisto, non possiamo offrire un rimborso completo o uno scambio. Per essere idoneo per la restituzione, il prodotto deve essere inutilizzato e nello stesso stato in cui l\u2019hai [&hellip;]<\/p>\n","protected":false},"author":1,"featured_media":0,"parent":0,"menu_order":0,"comment_status":"closed","ping_status":"closed","template":"","meta":{"site-sidebar-layout":"default","site-content-layout":"","ast-site-content-layout":"default","site-content-style":"default","site-sidebar-style":"default","ast-global-header-display":"","ast-banner-title-visibility":"","ast-main-header-display":"","ast-hfb-above-header-display":"","ast-hfb-below-header-display":"","ast-hfb-mobile-header-display":"","site-post-title":"disabled","ast-breadcrumbs-content":"","ast-featured-img":"","footer-sml-layout":"","ast-disable-related-posts":"","theme-transparent-header-meta":"","adv-header-id-meta":"","stick-header-meta":"","header-above-stick-meta":"","header-main-stick-meta":"","header-below-stick-meta":"","astra-migrate-meta-layouts":"default","ast-page-background-enabled":"default","ast-page-background-meta":{"desktop":{"background-color":"","background-image":"","background-repeat":"repeat","background-position":"center center","background-size":"auto","background-attachment":"scroll","background-type":"","background-media":"","overlay-type":"","overlay-color":"","overlay-opacity":"","overlay-gradient":""},"tablet":{"background-color":"","background-image":"","background-repeat":"repeat","background-position":"center center","background-size":"auto","background-attachment":"scroll","background-type":"","background-media":"","overlay-type":"","overlay-color":"","overlay-opacity":"","overlay-gradient":""},"mobile":{"background-color":"","background-image":"","background-repeat":"repeat","background-position":"center center","background-size":"auto","background-attachment":"scroll","background-type":"","background-media":"","overlay-type":"","overlay-color":"","overlay-opacity":"","overlay-gradient":""}},"ast-content-background-meta":{"desktop":{"background-color":"var(--ast-global-color-5)","background-image":"","background-repeat":"repeat","background-position":"center center","background-size":"auto","background-attachment":"scroll","background-type":"","background-media":"","overlay-type":"","overlay-color":"","overlay-opacity":"","overlay-gradient":""},"tablet":{"background-color":"var(--ast-global-color-5)","background-image":"","background-repeat":"repeat","background-position":"center center","background-size":"auto","background-attachment":"scroll","background-type":"","background-media":"","overlay-type":"","overlay-color":"","overlay-opacity":"","overlay-gradient":""},"mobile":{"background-color":"var(--ast-global-color-5)","background-image":"","background-repeat":"repeat","background-position":"center center","background-size":"auto","background-attachment":"scroll","background-type":"","background-media":"","overlay-type":"","overlay-color":"","overlay-opacity":"","overlay-gradient":""}},"footnotes":""},"class_list":["post-9819","page","type-page","status-publish","hentry"],"yoast_head":"<!-- This site is optimized with the Yoast SEO plugin v27.3 - https:\/\/yoast.com\/product\/yoast-seo-wordpress\/ -->\n<title>Politica di restituzione e spedizione - Bioma SA<\/title>\n<meta name=\"robots\" content=\"index, follow, max-snippet:-1, max-image-preview:large, max-video-preview:-1\" \/>\n<link rel=\"canonical\" href=\"https:\/\/bioma.com\/it\/politica-di-restituzione-e-spedizione\/\" \/>\n<meta property=\"og:locale\" content=\"it_IT\" \/>\n<meta property=\"og:type\" content=\"article\" \/>\n<meta property=\"og:title\" content=\"Politica di restituzione e spedizione - Bioma SA\" \/>\n<meta property=\"og:description\" content=\"Politica di restituzione e spedizione Panoramica La nostra politica di rimborso e reso ha una durata di 7 giorni lavorativi. Se sono trascorsi 7 giorni dalla data dell\u2019acquisto, non possiamo offrire un rimborso completo o uno scambio. Per essere idoneo per la restituzione, il prodotto deve essere inutilizzato e nello stesso stato in cui l\u2019hai [&hellip;]\" \/>\n<meta property=\"og:url\" content=\"https:\/\/bioma.com\/it\/politica-di-restituzione-e-spedizione\/\" \/>\n<meta property=\"og:site_name\" content=\"Bioma SA\" \/>\n<meta property=\"article:publisher\" content=\"https:\/\/www.facebook.com\/profile.php?id=100089638826673\" \/>\n<meta property=\"article:modified_time\" content=\"2023-08-25T14:18:49+00:00\" \/>\n<meta name=\"twitter:card\" content=\"summary_large_image\" \/>\n<meta name=\"twitter:label1\" content=\"Tempo di lettura stimato\" \/>\n\t<meta name=\"twitter:data1\" content=\"2 minuti\" \/>\n<script type=\"application\/ld+json\" class=\"yoast-schema-graph\">{\"@context\":\"https:\\\/\\\/schema.org\",\"@graph\":[{\"@type\":\"WebPage\",\"@id\":\"https:\\\/\\\/bioma.com\\\/it\\\/politica-di-restituzione-e-spedizione\\\/\",\"url\":\"https:\\\/\\\/bioma.com\\\/it\\\/politica-di-restituzione-e-spedizione\\\/\",\"name\":\"Politica di restituzione e spedizione - Bioma SA\",\"isPartOf\":{\"@id\":\"https:\\\/\\\/bioma.com\\\/it\\\/#website\"},\"datePublished\":\"2023-07-10T13:23:29+00:00\",\"dateModified\":\"2023-08-25T14:18:49+00:00\",\"breadcrumb\":{\"@id\":\"https:\\\/\\\/bioma.com\\\/it\\\/politica-di-restituzione-e-spedizione\\\/#breadcrumb\"},\"inLanguage\":\"it-IT\",\"potentialAction\":[{\"@type\":\"ReadAction\",\"target\":[\"https:\\\/\\\/bioma.com\\\/it\\\/politica-di-restituzione-e-spedizione\\\/\"]}]},{\"@type\":\"BreadcrumbList\",\"@id\":\"https:\\\/\\\/bioma.com\\\/it\\\/politica-di-restituzione-e-spedizione\\\/#breadcrumb\",\"itemListElement\":[{\"@type\":\"ListItem\",\"position\":1,\"name\":\"Startseite\",\"item\":\"https:\\\/\\\/bioma.com\\\/it\\\/home\\\/\"},{\"@type\":\"ListItem\",\"position\":2,\"name\":\"Politica di restituzione e spedizione\"}]},{\"@type\":\"WebSite\",\"@id\":\"https:\\\/\\\/bioma.com\\\/it\\\/#website\",\"url\":\"https:\\\/\\\/bioma.com\\\/it\\\/\",\"name\":\"Bioma SA\",\"description\":\"Geolife Technology\",\"publisher\":{\"@id\":\"https:\\\/\\\/bioma.com\\\/it\\\/#organization\"},\"alternateName\":\"Bioma\",\"potentialAction\":[{\"@type\":\"SearchAction\",\"target\":{\"@type\":\"EntryPoint\",\"urlTemplate\":\"https:\\\/\\\/bioma.com\\\/it\\\/?s={search_term_string}\"},\"query-input\":{\"@type\":\"PropertyValueSpecification\",\"valueRequired\":true,\"valueName\":\"search_term_string\"}}],\"inLanguage\":\"it-IT\"},{\"@type\":\"Organization\",\"@id\":\"https:\\\/\\\/bioma.com\\\/it\\\/#organization\",\"name\":\"Bioma SA\",\"alternateName\":\"Bioma\",\"url\":\"https:\\\/\\\/bioma.com\\\/it\\\/\",\"logo\":{\"@type\":\"ImageObject\",\"inLanguage\":\"it-IT\",\"@id\":\"https:\\\/\\\/bioma.com\\\/it\\\/#\\\/schema\\\/logo\\\/image\\\/\",\"url\":\"https:\\\/\\\/bioma.com\\\/wp-content\\\/uploads\\\/2023\\\/05\\\/logo_Bioma_black.png\",\"contentUrl\":\"https:\\\/\\\/bioma.com\\\/wp-content\\\/uploads\\\/2023\\\/05\\\/logo_Bioma_black.png\",\"width\":1383,\"height\":408,\"caption\":\"Bioma SA\"},\"image\":{\"@id\":\"https:\\\/\\\/bioma.com\\\/it\\\/#\\\/schema\\\/logo\\\/image\\\/\"},\"sameAs\":[\"https:\\\/\\\/www.facebook.com\\\/profile.php?id=100089638826673\",\"https:\\\/\\\/www.linkedin.com\\\/company\\\/69675437\",\"https:\\\/\\\/www.instagram.com\\\/bioma.sa\\\/\",\"https:\\\/\\\/www.youtube.com\\\/channel\\\/UCIZGmdEZWEC0Xc7w8oSKUkA\"]}]}<\/script>\n<!-- \/ Yoast SEO plugin. -->","yoast_head_json":{"title":"Politica di restituzione e spedizione - Bioma SA","robots":{"index":"index","follow":"follow","max-snippet":"max-snippet:-1","max-image-preview":"max-image-preview:large","max-video-preview":"max-video-preview:-1"},"canonical":"https:\/\/bioma.com\/it\/politica-di-restituzione-e-spedizione\/","og_locale":"it_IT","og_type":"article","og_title":"Politica di restituzione e spedizione - Bioma SA","og_description":"Politica di restituzione e spedizione Panoramica La nostra politica di rimborso e reso ha una durata di 7 giorni lavorativi. Se sono trascorsi 7 giorni dalla data dell\u2019acquisto, non possiamo offrire un rimborso completo o uno scambio. Per essere idoneo per la restituzione, il prodotto deve essere inutilizzato e nello stesso stato in cui l\u2019hai [&hellip;]","og_url":"https:\/\/bioma.com\/it\/politica-di-restituzione-e-spedizione\/","og_site_name":"Bioma SA","article_publisher":"https:\/\/www.facebook.com\/profile.php?id=100089638826673","article_modified_time":"2023-08-25T14:18:49+00:00","twitter_card":"summary_large_image","twitter_misc":{"Tempo di lettura stimato":"2 minuti"},"schema":{"@context":"https:\/\/schema.org","@graph":[{"@type":"WebPage","@id":"https:\/\/bioma.com\/it\/politica-di-restituzione-e-spedizione\/","url":"https:\/\/bioma.com\/it\/politica-di-restituzione-e-spedizione\/","name":"Politica di restituzione e spedizione - Bioma SA","isPartOf":{"@id":"https:\/\/bioma.com\/it\/#website"},"datePublished":"2023-07-10T13:23:29+00:00","dateModified":"2023-08-25T14:18:49+00:00","breadcrumb":{"@id":"https:\/\/bioma.com\/it\/politica-di-restituzione-e-spedizione\/#breadcrumb"},"inLanguage":"it-IT","potentialAction":[{"@type":"ReadAction","target":["https:\/\/bioma.com\/it\/politica-di-restituzione-e-spedizione\/"]}]},{"@type":"BreadcrumbList","@id":"https:\/\/bioma.com\/it\/politica-di-restituzione-e-spedizione\/#breadcrumb","itemListElement":[{"@type":"ListItem","position":1,"name":"Startseite","item":"https:\/\/bioma.com\/it\/home\/"},{"@type":"ListItem","position":2,"name":"Politica di restituzione e spedizione"}]},{"@type":"WebSite","@id":"https:\/\/bioma.com\/it\/#website","url":"https:\/\/bioma.com\/it\/","name":"Bioma SA","description":"Geolife Technology","publisher":{"@id":"https:\/\/bioma.com\/it\/#organization"},"alternateName":"Bioma","potentialAction":[{"@type":"SearchAction","target":{"@type":"EntryPoint","urlTemplate":"https:\/\/bioma.com\/it\/?s={search_term_string}"},"query-input":{"@type":"PropertyValueSpecification","valueRequired":true,"valueName":"search_term_string"}}],"inLanguage":"it-IT"},{"@type":"Organization","@id":"https:\/\/bioma.com\/it\/#organization","name":"Bioma SA","alternateName":"Bioma","url":"https:\/\/bioma.com\/it\/","logo":{"@type":"ImageObject","inLanguage":"it-IT","@id":"https:\/\/bioma.com\/it\/#\/schema\/logo\/image\/","url":"https:\/\/bioma.com\/wp-content\/uploads\/2023\/05\/logo_Bioma_black.png","contentUrl":"https:\/\/bioma.com\/wp-content\/uploads\/2023\/05\/logo_Bioma_black.png","width":1383,"height":408,"caption":"Bioma SA"},"image":{"@id":"https:\/\/bioma.com\/it\/#\/schema\/logo\/image\/"},"sameAs":["https:\/\/www.facebook.com\/profile.php?id=100089638826673","https:\/\/www.linkedin.com\/company\/69675437","https:\/\/www.instagram.com\/bioma.sa\/","https:\/\/www.youtube.com\/channel\/UCIZGmdEZWEC0Xc7w8oSKUkA"]}]}},"_links":{"self":[{"href":"https:\/\/bioma.com\/it\/wp-json\/wp\/v2\/pages\/9819","targetHints":{"allow":["GET"]}}],"collection":[{"href":"https:\/\/bioma.com\/it\/wp-json\/wp\/v2\/pages"}],"about":[{"href":"https:\/\/bioma.com\/it\/wp-json\/wp\/v2\/types\/page"}],"author":[{"embeddable":true,"href":"https:\/\/bioma.com\/it\/wp-json\/wp\/v2\/users\/1"}],"replies":[{"embeddable":true,"href":"https:\/\/bioma.com\/it\/wp-json\/wp\/v2\/comments?post=9819"}],"version-history":[{"count":1,"href":"https:\/\/bioma.com\/it\/wp-json\/wp\/v2\/pages\/9819\/revisions"}],"predecessor-version":[{"id":9820,"href":"https:\/\/bioma.com\/it\/wp-json\/wp\/v2\/pages\/9819\/revisions\/9820"}],"wp:attachment":[{"href":"https:\/\/bioma.com\/it\/wp-json\/wp\/v2\/media?parent=9819"}],"curies":[{"name":"wp","href":"https:\/\/api.w.org\/{rel}","templated":true}]}}