{"id":9782,"date":"2023-07-18T15:36:09","date_gmt":"2023-07-18T13:36:09","guid":{"rendered":"https:\/\/bioma.com\/condizioni-generali-di-vendita\/"},"modified":"2025-08-18T11:03:24","modified_gmt":"2025-08-18T09:03:24","slug":"condizioni-generali-di-vendita","status":"publish","type":"page","link":"https:\/\/bioma.com\/it\/condizioni-generali-di-vendita\/","title":{"rendered":"Condizioni generali di vendita"},"content":{"rendered":"\t\t<div data-elementor-type=\"wp-page\" data-elementor-id=\"9782\" class=\"elementor elementor-9782 elementor-7607\" data-elementor-post-type=\"page\">\n\t\t\t\t\t\t<section class=\"elementor-section elementor-top-section elementor-element elementor-element-2fc8c8fe elementor-section-full_width elementor-section-height-default elementor-section-height-default\" data-id=\"2fc8c8fe\" data-element_type=\"section\" data-e-type=\"section\">\n\t\t\t\t\t\t<div class=\"elementor-container elementor-column-gap-default\">\n\t\t\t\t\t<div class=\"elementor-column elementor-col-100 elementor-top-column elementor-element elementor-element-1b8be186\" data-id=\"1b8be186\" data-element_type=\"column\" data-e-type=\"column\">\n\t\t\t<div class=\"elementor-widget-wrap elementor-element-populated\">\n\t\t\t\t\t\t<div class=\"elementor-element elementor-element-8c338d5 elementor-widget elementor-widget-heading\" data-id=\"8c338d5\" data-element_type=\"widget\" data-e-type=\"widget\" data-widget_type=\"heading.default\">\n\t\t\t\t<div class=\"elementor-widget-container\">\n\t\t\t\t\t<h2 class=\"elementor-heading-title elementor-size-default\">Condizioni generali di vendita<\/h2>\t\t\t\t<\/div>\n\t\t\t\t<\/div>\n\t\t\t\t<div class=\"elementor-element elementor-element-4ced797d elementor-widget elementor-widget-text-editor\" data-id=\"4ced797d\" data-element_type=\"widget\" data-e-type=\"widget\" data-widget_type=\"text-editor.default\">\n\t\t\t\t<div class=\"elementor-widget-container\">\n\t\t\t\t\t\t\t\t\t<p><\/p>\n<h5 class=\"wp-block-heading\">Il sito web \u00e8 gestito da:<\/h5>\n<p><strong>BIOMA SA<\/strong><br>Via Luserte 8 Sud<br>6872 Quartino<br>Gambarogno<\/p>\n<p>(Edizione maggio 2023)<\/p>\n<h4>A) Parti e oggetto delle condizioni generali di vendita<\/h4>\n<ol>\n<li>Le presenti condizioni generali di vendita, cosi come eventuali modifiche ulteriori ( di seguito \u00ab CGV \u00bb) regolano i rapporti tra Bioma SA, Via Luserte 8 Sud, 6572 Quartino\/TI, Svizzera (di seguito \u00ab Bioma \u00bb) e i propri acquirenti con i quali essa ha concluso un contratto di vendita e\/o una fornitura di servizi (di seguito : il \u00ab Cliente \u00bb).<\/li>\n<li>Bioma stipuler\u00e0 accordi con il proprio cliente solo a condizione che si applichino i presenti termini e condizioni generali e che questi abbiano la precedenza, secondo l\u2019ordine indicato di seguito al punto 3, su eventuali termini e condizioni generali del cliente, a meno che Bioma non abbia espressamente concordato diversamente per iscritto.<\/li>\n<li>Fatte salve eventuali disposizioni di legge svizzere vigenti, gli elementi contrattuali si applicano nell\u2019ordine seguente, con il documento superiore che ha la precedenza su quello\/i successivo\/i:\n<ul>\n<li>a) la conferma emessa da Bioma o, in mancanza, la fattura Bioma ;<\/li>\n<li>b) le presenti Condizioni generali ;<\/li>\n<li>c) le disposizioni del Codice delle obbligazioni svizzero ;<\/li>\n<li>d) eventuali condizioni generali del Cliente, nella misura in cui Bioma abbia accettato per iscritto di includerle nel rapporto contrattuale.<\/li>\n<\/ul>\n<\/li>\n<li>La conclusione di un contratto quadro di vendita non crea un accordo di esclusivit\u00e0 tra Bioma e il Cliente; Bioma non \u00e8 obbligata ad accettare ordini dal Cliente e, a meno che il Cliente non abbia effettuato un ordine, non \u00e8 tenuto ad acquistare.<\/li>\n<\/ol>\n<h4>B) Ordini di prodotti, vendite e assistenza<\/h4>\n<ol start=\"5\">\n<li>Bioma vender\u00e0 e fornir\u00e0 i suoi prodotti al Cliente ai prezzi che Bioma stabilir\u00e0. Nella misura in cui il Prodotto include propriet\u00e0 intellettuale, \u201cvendere\u201d significa concedere al Cliente una licenza non esclusiva e revocabile per l\u2019utilizzo del Prodotto e consentire al Cliente di utilizzare tale propriet\u00e0 intellettuale nell\u2019ambito di distribuzione e vendita del Prodotto.<\/li>\n<li>Il Cliente non pu\u00f2 rivendere o trasferire alcun prodotto venduto da Bioma a un terzo o utente finale che sia un paese, un\u2019organizzazione o una persona soggetta a misure coercitive, in genere stabilite in Svizzera in base alla Legge federale sull\u2019attuazione delle sanzioni internazionali del 22 marzo 2002 e successive modifiche (RS 946.231), incluse le restrizioni discriminatorie all\u2019importazione o all\u2019esportazione di beni, tecnologie, capitali o servizi.<\/li>\n<li>Salvo diverso accordo scritto, i prodotti sono venduti da Bioma al Cliente EXW (INCOTERMS 2010) Quartino\/TI, Svizzera.<\/li>\n<li>Salvo diverso accordo, il prodotto viene ordinato dal cliente a Bioma tramite un ordine.<br>L&#8217;ordine standard comprende come minimo l&#8217;identificazione del prodotto, il numero definito da Bioma e l&#8217;indicazione delle quantit\u00e0, la conferma del prezzo, le date di consegna, le istruzioni di spedizione e l&#8217;indirizzo di spedizione. Gli ordini sono vincolanti per il Cliente all\u2019atto dell\u2019accettazione da parte di Bioma,<\/li>\n<li>se l\u2019ordine viene fatturato da Bioma al Cliente. Bioma avr\u00e0 sette (7) giorni lavorativi dal ricevimento dell\u2019ordine da parte del Cliente per accettare o rifiutare l\u2019ordine.<\/li>\n<li>I cataloghi e i listini prezzi non sono vincolanti e non obbligano Bioma a tenere in magazzino o a consegnare gli articoli in essi elencati.<\/li>\n<li>I tempi di consegna riportati sono indicativi e decorrono solo dal ricevimento dell\u2019intero pagamento del prezzo dell\u2019ordine. I cataloghi e i listini prezzi non sono vincolanti e non obbligano Bioma a tenere in magazzino o a consegnare gli articoli in essi elencati. Bioma informer\u00e0 il Cliente e si riterr\u00e0 che il Cliente abbia accettato tale consegna anticipata, a meno che il Cliente non abbia immediatamente comunicato per iscritto a Bioma il proprio rifiuto.<\/li>\n<li>Bioma pu\u00f2 fornire ai propri clienti, su richiesta, formazione e supporto scientifico, tecnico e commerciale online sui prodotti acquistati. Le tariffe e i costi associati alla formazione sono addebitati da Bioma ai suoi clienti a prezzi determinati da Bioma.<\/li>\n<\/ol>\n<h4>C) Prezzo, pagamento e riserva di propriet\u00e0<\/h4>\n<ol start=\"13\">\n<li>I prezzi dei Prodotti sono determinati da Bioma. Se un listino prezzi \u00e8 stato comunicato da Bioma e non \u00e8 indicato un periodo di tempo, i prezzi indicati possono essere modificati in qualsiasi momento da Bioma.<\/li>\n<li>Tutti i pagamenti da parte dei clienti a Bioma dovranno essere effettuati in CHF tramite bonifico sul conto bancario indicato da Bioma entro trenta (30) giorni dalla data della fattura. Se non diversamente concordato per iscritto, il pagamento del prezzo di acquisto dei prodotti o dell\u2019assistenza deve essere versato interamente dai clienti a Bioma prima della consegna. Bioma pu\u00f2 fatturare separatamente parti di un ordine. I clienti dovranno pagare Bioma per intero i prodotti e i servizi ordinati senza alcuna deduzione,<\/li>\n<li>compensazione o limitazione. La contestazione di difetti o la mancata accettazione di beni o servizi non esonera il Cliente dall\u2019obbligo di pagamento. In caso di consegna<\/li>\n<li>In caso di consegna di prodotti prima del pagamento,&nbsp;i<strong> prodotti consegnati restano di propriet\u00e0 di Bioma fino al completo pagamento di tutti i credivi di Bioma nei confronti del cliente.&nbsp;<\/strong>Ai sensi degli articoli 715 e seguenti del Codice Civile, Bioma ha il diritto di far iscrivere una riserva della propriet\u00e0 per la merce consegnata presso l&#8217;autorit\u00e0 competente e, se del caso, di risolvere il contratto in caso di mancato pagamento.<\/li>\n<li>In caso di mancato rispetto del termine di pagamento, il cliente sar\u00e0 in mora e Bioma avr\u00e0 il diritto di richiedere interessi al tasso SARON pi\u00f9 un margine del 5% (cinque per cento) all\u2019anno sull\u2019importo della fattura, a partire dal primo giorno di mora. Bioma ha il diritto di addebitare una tassa di sollecito compresa tra CHF 20.00 (venti franchi) e CHF 50.00 (cinquanta franchi) pi\u00f9 IVA per ogni sollecito inviato, nonch\u00e9 i costi di riscossione (compresi quelli addebitati da eventuali terzi utilizzati da Bioma per riscuotere il pagamento).<\/li>\n<li>Se il cliente \u00e8 in ritardo con i pagamenti, Bioma pu\u00f2 bloccare il conto del cliente che ha superato il suo limite di credito con effetto immediato e senza notifica specifica. Tutte le prestazioni concesse da Bioma diventano nulle se Bioma deve citare in giudizio il cliente, se il cliente fallisce o se viene avviata una procedura di liquidazione. In questi casi, tutti i crediti di Bioma nei confronti del cliente diventano immediatamente esigibili, compresi gli interessi di mora e le spese accessorie.<\/li>\n<li>Se Bioma ha motivo di temere che il cliente non effettui i pagamenti integralmente o puntualmente, Bioma ha il diritto di ritenzione sulle proprie prestazioni, anche se i termini di pagamento sono stati concordati separatamente. Bioma potr\u00e0 quindi effettuare le consegne al cliente solo dietro pagamento in contanti e immagazzinare la merce a spese del cliente.<\/li>\n<\/ol>\n<h4>D) Responsabilit\u00e0<\/h4>\n<ol start=\"20\">\n<li>I prodotti Bioma devono essere trattati, immagazzinati e manipolati dal Cliente con la cura associata ai composti organici utilizzati per l\u2019agricoltura, l\u2019allevamento, l\u2019enologia, ecc. In particolare, non devono essere esposti a temperature estreme, all\u2019umidit\u00e0 o ad altre sollecitazioni descritte nel manuale d\u2019uso.<\/li>\n<li><strong>Qualsiasi difetto del prodotto dovr\u00e0 essere notificato dal Cliente a Bioma immediatamente, ma non oltre sette (7) giorni lavorativi dalla consegna.<\/strong><\/li>\n<li>Bioma non si assume alcuna responsabilit\u00e0 al di l\u00e0 dei termini espressamente previsti dal contratto, inclusa qualsiasi responsabilit\u00e0 per l\u2019impossibilit\u00e0 di utilizzare il prodotto o per i servizi e l\u2019assistenza. Bioma non \u00e8 responsabile per perdita di profitti, perdita di affari o altri danni conseguenti, speciali, indiretti o sanzionatori, anche se avvisata della possibilit\u00e0 di tali danni, o per qualsiasi reclamo da parte di terzi, a meno che tale responsabilit\u00e0 non sia stata espressamente prevista nel presente Contratto.<\/li>\n<li>Il Cliente accetta che, per qualsiasi responsabilit\u00e0 derivante dall\u2019acquisto di prodotti o servizi in relazione al prodotto, Bioma non sar\u00e0 in nessun caso responsabile o perseguibile per un ammontare di danni superiore all\u2019importo totale di CHF pagato dal Cliente per l\u2019acquisto del prodotto ai sensi del contratto. In ogni caso, Bioma rimedier\u00e0 ai difetti e\/o sar\u00e0 responsabile solo se avr\u00e0 ricevuto l\u2019intero prezzo di acquisto del prodotto.<\/li>\n<\/ol>\n<h4>E) Disposizioni finali<\/h4>\n<ol start=\"24\">\n<li>Il Cliente non dovr\u00e0 in alcun momento, durante o dopo il Contratto, divulgare o utilizzare alcuna informazione segreta di Bioma o qualsiasi altra informazione non pubblica relativa agli affari commerciali, finanziari, tecnici o di altro tipo di Bioma. In particolare, ma senza pregiudicare quanto sopra, il Cliente manterr\u00e0 riservata tutta la propriet\u00e0 intellettuale e il know-how che gli verranno comunicati da Bioma, di cui verr\u00e0 a conoscenza nel corso del Contratto o che Bioma svilupper\u00e0 o contribuir\u00e0 a sviluppare nel fornire assistenza o servizi al Cliente.<\/li>\n<li>l Cliente garantisce a Bioma che non offrir\u00e0, prometter\u00e0, dar\u00e0, autorizzer\u00e0, solleciter\u00e0 o accetter\u00e0 alcun vantaggio pecuniario o di altro tipo (n\u00e9 lascer\u00e0 intendere che lo far\u00e0 o potr\u00e0 farlo in futuro) in relazione al Contratto, e che adotter\u00e0 misure ragionevoli per evitare che subappaltatori, agenti o qualsiasi altra terza parte, soggetta al suo controllo o alla sua influenza, lo facciano.<\/li>\n<li>Bioma si riserva il diritto di modificare i propri termini e condizioni in qualsiasi momento. Tali modifiche saranno comunicate al Cliente tramite circolare o con qualsiasi altro mezzo Bioma ritenga opportuno. In assenza di obiezioni, non appena comunicate, si intendono approvate.<\/li>\n<\/ol>\n<h4>F) Legge applicabile e foro competente<\/h4>\n<ol start=\"27\">\n<li><strong>I presenti termini e condizioni e il contratto tra Bioma e il cliente saranno disciplinati e interpretati in conformit\u00e0 al diritto svizzero.<\/strong><\/li>\n<li>In caso di controversie, divergenze o reclami tra Bioma e il Cliente, compresa la validit\u00e0, l\u2019invalidit\u00e0, la violazione o la risoluzione del contratto,&nbsp; <strong>il foro competente \u00e8 quello della sede legale di Bioma a Quartino\/TI, Svizzera.<\/strong> &nbsp;Bioma pu\u00f2 anche intentare un\u2019azione legale presso il domicilio\/la sede del Cliente o presso qualsiasi altro tribunale competente.<\/li>\n<\/ol>\n<p><\/p>\t\t\t\t\t\t\t\t<\/div>\n\t\t\t\t<\/div>\n\t\t\t\t\t<\/div>\n\t\t<\/div>\n\t\t\t\t\t<\/div>\n\t\t<\/section>\n\t\t\t\t<\/div>\n\t\t","protected":false},"excerpt":{"rendered":"<p>Condizioni generali di vendita Il sito web \u00e8 gestito da: BIOMA SAVia Luserte 8 Sud6872 QuartinoGambarogno (Edizione maggio 2023) A) Parti e oggetto delle condizioni generali di vendita Le presenti condizioni generali di vendita, cosi come eventuali modifiche ulteriori ( di seguito \u00ab CGV \u00bb) regolano i rapporti tra Bioma SA, Via Luserte 8 Sud, [&hellip;]<\/p>\n","protected":false},"author":1,"featured_media":0,"parent":0,"menu_order":0,"comment_status":"closed","ping_status":"closed","template":"","meta":{"site-sidebar-layout":"default","site-content-layout":"","ast-site-content-layout":"default","site-content-style":"default","site-sidebar-style":"default","ast-global-header-display":"","ast-banner-title-visibility":"","ast-main-header-display":"","ast-hfb-above-header-display":"","ast-hfb-below-header-display":"","ast-hfb-mobile-header-display":"","site-post-title":"disabled","ast-breadcrumbs-content":"","ast-featured-img":"","footer-sml-layout":"","ast-disable-related-posts":"","theme-transparent-header-meta":"","adv-header-id-meta":"","stick-header-meta":"","header-above-stick-meta":"","header-main-stick-meta":"","header-below-stick-meta":"","astra-migrate-meta-layouts":"default","ast-page-background-enabled":"default","ast-page-background-meta":{"desktop":{"background-color":"","background-image":"","background-repeat":"repeat","background-position":"center center","background-size":"auto","background-attachment":"scroll","background-type":"","background-media":"","overlay-type":"","overlay-color":"","overlay-opacity":"","overlay-gradient":""},"tablet":{"background-color":"","background-image":"","background-repeat":"repeat","background-position":"center center","background-size":"auto","background-attachment":"scroll","background-type":"","background-media":"","overlay-type":"","overlay-color":"","overlay-opacity":"","overlay-gradient":""},"mobile":{"background-color":"","background-image":"","background-repeat":"repeat","background-position":"center center","background-size":"auto","background-attachment":"scroll","background-type":"","background-media":"","overlay-type":"","overlay-color":"","overlay-opacity":"","overlay-gradient":""}},"ast-content-background-meta":{"desktop":{"background-color":"var(--ast-global-color-5)","background-image":"","background-repeat":"repeat","background-position":"center center","background-size":"auto","background-attachment":"scroll","background-type":"","background-media":"","overlay-type":"","overlay-color":"","overlay-opacity":"","overlay-gradient":""},"tablet":{"background-color":"var(--ast-global-color-5)","background-image":"","background-repeat":"repeat","background-position":"center center","background-size":"auto","background-attachment":"scroll","background-type":"","background-media":"","overlay-type":"","overlay-color":"","overlay-opacity":"","overlay-gradient":""},"mobile":{"background-color":"var(--ast-global-color-5)","background-image":"","background-repeat":"repeat","background-position":"center center","background-size":"auto","background-attachment":"scroll","background-type":"","background-media":"","overlay-type":"","overlay-color":"","overlay-opacity":"","overlay-gradient":""}},"footnotes":""},"class_list":["post-9782","page","type-page","status-publish","hentry"],"yoast_head":"<!-- This site is optimized with the Yoast SEO plugin v27.4 - https:\/\/yoast.com\/product\/yoast-seo-wordpress\/ -->\n<title>Condizioni generali di vendita - Bioma SA<\/title>\n<meta name=\"robots\" content=\"index, follow, max-snippet:-1, max-image-preview:large, max-video-preview:-1\" \/>\n<link rel=\"canonical\" href=\"https:\/\/bioma.com\/it\/condizioni-generali-di-vendita\/\" \/>\n<meta property=\"og:locale\" content=\"it_IT\" \/>\n<meta property=\"og:type\" content=\"article\" \/>\n<meta property=\"og:title\" content=\"Condizioni generali di vendita - Bioma SA\" \/>\n<meta property=\"og:description\" content=\"Condizioni generali di vendita Il sito web \u00e8 gestito da: BIOMA SAVia Luserte 8 Sud6872 QuartinoGambarogno (Edizione maggio 2023) A) Parti e oggetto delle condizioni generali di vendita Le presenti condizioni generali di vendita, cosi come eventuali modifiche ulteriori ( di seguito \u00ab CGV \u00bb) regolano i rapporti tra Bioma SA, Via Luserte 8 Sud, [&hellip;]\" \/>\n<meta property=\"og:url\" content=\"https:\/\/bioma.com\/it\/condizioni-generali-di-vendita\/\" \/>\n<meta property=\"og:site_name\" content=\"Bioma SA\" \/>\n<meta property=\"article:publisher\" content=\"https:\/\/www.facebook.com\/profile.php?id=100089638826673\" \/>\n<meta property=\"article:modified_time\" content=\"2025-08-18T09:03:24+00:00\" \/>\n<meta name=\"twitter:card\" content=\"summary_large_image\" \/>\n<meta name=\"twitter:label1\" content=\"Tempo di lettura stimato\" \/>\n\t<meta name=\"twitter:data1\" content=\"8 minuti\" \/>\n<script type=\"application\/ld+json\" class=\"yoast-schema-graph\">{\"@context\":\"https:\\\/\\\/schema.org\",\"@graph\":[{\"@type\":\"WebPage\",\"@id\":\"https:\\\/\\\/bioma.com\\\/it\\\/condizioni-generali-di-vendita\\\/\",\"url\":\"https:\\\/\\\/bioma.com\\\/it\\\/condizioni-generali-di-vendita\\\/\",\"name\":\"Condizioni generali di vendita - Bioma SA\",\"isPartOf\":{\"@id\":\"https:\\\/\\\/bioma.com\\\/it\\\/#website\"},\"datePublished\":\"2023-07-18T13:36:09+00:00\",\"dateModified\":\"2025-08-18T09:03:24+00:00\",\"breadcrumb\":{\"@id\":\"https:\\\/\\\/bioma.com\\\/it\\\/condizioni-generali-di-vendita\\\/#breadcrumb\"},\"inLanguage\":\"it-IT\",\"potentialAction\":[{\"@type\":\"ReadAction\",\"target\":[\"https:\\\/\\\/bioma.com\\\/it\\\/condizioni-generali-di-vendita\\\/\"]}]},{\"@type\":\"BreadcrumbList\",\"@id\":\"https:\\\/\\\/bioma.com\\\/it\\\/condizioni-generali-di-vendita\\\/#breadcrumb\",\"itemListElement\":[{\"@type\":\"ListItem\",\"position\":1,\"name\":\"Startseite\",\"item\":\"https:\\\/\\\/bioma.com\\\/it\\\/home\\\/\"},{\"@type\":\"ListItem\",\"position\":2,\"name\":\"Condizioni generali di vendita\"}]},{\"@type\":\"WebSite\",\"@id\":\"https:\\\/\\\/bioma.com\\\/it\\\/#website\",\"url\":\"https:\\\/\\\/bioma.com\\\/it\\\/\",\"name\":\"Bioma SA\",\"description\":\"Geolife Technology\",\"publisher\":{\"@id\":\"https:\\\/\\\/bioma.com\\\/it\\\/#organization\"},\"alternateName\":\"Bioma\",\"potentialAction\":[{\"@type\":\"SearchAction\",\"target\":{\"@type\":\"EntryPoint\",\"urlTemplate\":\"https:\\\/\\\/bioma.com\\\/it\\\/?s={search_term_string}\"},\"query-input\":{\"@type\":\"PropertyValueSpecification\",\"valueRequired\":true,\"valueName\":\"search_term_string\"}}],\"inLanguage\":\"it-IT\"},{\"@type\":\"Organization\",\"@id\":\"https:\\\/\\\/bioma.com\\\/it\\\/#organization\",\"name\":\"Bioma SA\",\"alternateName\":\"Bioma\",\"url\":\"https:\\\/\\\/bioma.com\\\/it\\\/\",\"logo\":{\"@type\":\"ImageObject\",\"inLanguage\":\"it-IT\",\"@id\":\"https:\\\/\\\/bioma.com\\\/it\\\/#\\\/schema\\\/logo\\\/image\\\/\",\"url\":\"https:\\\/\\\/bioma.com\\\/wp-content\\\/uploads\\\/2023\\\/05\\\/logo_Bioma_black.png\",\"contentUrl\":\"https:\\\/\\\/bioma.com\\\/wp-content\\\/uploads\\\/2023\\\/05\\\/logo_Bioma_black.png\",\"width\":1383,\"height\":408,\"caption\":\"Bioma SA\"},\"image\":{\"@id\":\"https:\\\/\\\/bioma.com\\\/it\\\/#\\\/schema\\\/logo\\\/image\\\/\"},\"sameAs\":[\"https:\\\/\\\/www.facebook.com\\\/profile.php?id=100089638826673\",\"https:\\\/\\\/www.linkedin.com\\\/company\\\/69675437\",\"https:\\\/\\\/www.instagram.com\\\/bioma.sa\\\/\",\"https:\\\/\\\/www.youtube.com\\\/channel\\\/UCIZGmdEZWEC0Xc7w8oSKUkA\"]}]}<\/script>\n<!-- \/ Yoast SEO plugin. -->","yoast_head_json":{"title":"Condizioni generali di vendita - Bioma SA","robots":{"index":"index","follow":"follow","max-snippet":"max-snippet:-1","max-image-preview":"max-image-preview:large","max-video-preview":"max-video-preview:-1"},"canonical":"https:\/\/bioma.com\/it\/condizioni-generali-di-vendita\/","og_locale":"it_IT","og_type":"article","og_title":"Condizioni generali di vendita - Bioma SA","og_description":"Condizioni generali di vendita Il sito web \u00e8 gestito da: BIOMA SAVia Luserte 8 Sud6872 QuartinoGambarogno (Edizione maggio 2023) A) Parti e oggetto delle condizioni generali di vendita Le presenti condizioni generali di vendita, cosi come eventuali modifiche ulteriori ( di seguito \u00ab CGV \u00bb) regolano i rapporti tra Bioma SA, Via Luserte 8 Sud, [&hellip;]","og_url":"https:\/\/bioma.com\/it\/condizioni-generali-di-vendita\/","og_site_name":"Bioma SA","article_publisher":"https:\/\/www.facebook.com\/profile.php?id=100089638826673","article_modified_time":"2025-08-18T09:03:24+00:00","twitter_card":"summary_large_image","twitter_misc":{"Tempo di lettura stimato":"8 minuti"},"schema":{"@context":"https:\/\/schema.org","@graph":[{"@type":"WebPage","@id":"https:\/\/bioma.com\/it\/condizioni-generali-di-vendita\/","url":"https:\/\/bioma.com\/it\/condizioni-generali-di-vendita\/","name":"Condizioni generali di vendita - Bioma SA","isPartOf":{"@id":"https:\/\/bioma.com\/it\/#website"},"datePublished":"2023-07-18T13:36:09+00:00","dateModified":"2025-08-18T09:03:24+00:00","breadcrumb":{"@id":"https:\/\/bioma.com\/it\/condizioni-generali-di-vendita\/#breadcrumb"},"inLanguage":"it-IT","potentialAction":[{"@type":"ReadAction","target":["https:\/\/bioma.com\/it\/condizioni-generali-di-vendita\/"]}]},{"@type":"BreadcrumbList","@id":"https:\/\/bioma.com\/it\/condizioni-generali-di-vendita\/#breadcrumb","itemListElement":[{"@type":"ListItem","position":1,"name":"Startseite","item":"https:\/\/bioma.com\/it\/home\/"},{"@type":"ListItem","position":2,"name":"Condizioni generali di vendita"}]},{"@type":"WebSite","@id":"https:\/\/bioma.com\/it\/#website","url":"https:\/\/bioma.com\/it\/","name":"Bioma SA","description":"Geolife Technology","publisher":{"@id":"https:\/\/bioma.com\/it\/#organization"},"alternateName":"Bioma","potentialAction":[{"@type":"SearchAction","target":{"@type":"EntryPoint","urlTemplate":"https:\/\/bioma.com\/it\/?s={search_term_string}"},"query-input":{"@type":"PropertyValueSpecification","valueRequired":true,"valueName":"search_term_string"}}],"inLanguage":"it-IT"},{"@type":"Organization","@id":"https:\/\/bioma.com\/it\/#organization","name":"Bioma SA","alternateName":"Bioma","url":"https:\/\/bioma.com\/it\/","logo":{"@type":"ImageObject","inLanguage":"it-IT","@id":"https:\/\/bioma.com\/it\/#\/schema\/logo\/image\/","url":"https:\/\/bioma.com\/wp-content\/uploads\/2023\/05\/logo_Bioma_black.png","contentUrl":"https:\/\/bioma.com\/wp-content\/uploads\/2023\/05\/logo_Bioma_black.png","width":1383,"height":408,"caption":"Bioma SA"},"image":{"@id":"https:\/\/bioma.com\/it\/#\/schema\/logo\/image\/"},"sameAs":["https:\/\/www.facebook.com\/profile.php?id=100089638826673","https:\/\/www.linkedin.com\/company\/69675437","https:\/\/www.instagram.com\/bioma.sa\/","https:\/\/www.youtube.com\/channel\/UCIZGmdEZWEC0Xc7w8oSKUkA"]}]}},"_links":{"self":[{"href":"https:\/\/bioma.com\/it\/wp-json\/wp\/v2\/pages\/9782","targetHints":{"allow":["GET"]}}],"collection":[{"href":"https:\/\/bioma.com\/it\/wp-json\/wp\/v2\/pages"}],"about":[{"href":"https:\/\/bioma.com\/it\/wp-json\/wp\/v2\/types\/page"}],"author":[{"embeddable":true,"href":"https:\/\/bioma.com\/it\/wp-json\/wp\/v2\/users\/1"}],"replies":[{"embeddable":true,"href":"https:\/\/bioma.com\/it\/wp-json\/wp\/v2\/comments?post=9782"}],"version-history":[{"count":3,"href":"https:\/\/bioma.com\/it\/wp-json\/wp\/v2\/pages\/9782\/revisions"}],"predecessor-version":[{"id":16522,"href":"https:\/\/bioma.com\/it\/wp-json\/wp\/v2\/pages\/9782\/revisions\/16522"}],"wp:attachment":[{"href":"https:\/\/bioma.com\/it\/wp-json\/wp\/v2\/media?parent=9782"}],"curies":[{"name":"wp","href":"https:\/\/api.w.org\/{rel}","templated":true}]}}