{"id":9719,"date":"2023-07-07T08:51:30","date_gmt":"2023-07-07T06:51:30","guid":{"rendered":"https:\/\/bioma.com\/environnement\/"},"modified":"2023-12-21T11:26:07","modified_gmt":"2023-12-21T10:26:07","slug":"environnement","status":"publish","type":"page","link":"https:\/\/bioma.com\/fr\/environnement\/","title":{"rendered":"Environnement"},"content":{"rendered":"\t\t<div data-elementor-type=\"wp-page\" data-elementor-id=\"9719\" class=\"elementor elementor-9719 elementor-7101\" data-elementor-post-type=\"page\">\n\t\t\t\t\t\t<section class=\"elementor-section elementor-top-section elementor-element elementor-element-33afd7c1 elementor-section-content-middle elementor-section-boxed elementor-section-height-default elementor-section-height-default\" data-id=\"33afd7c1\" data-element_type=\"section\" data-e-type=\"section\" data-settings=\"{&quot;background_background&quot;:&quot;classic&quot;}\">\n\t\t\t\t\t\t\t<div class=\"elementor-background-overlay\"><\/div>\n\t\t\t\t\t\t\t<div class=\"elementor-container elementor-column-gap-default\">\n\t\t\t\t\t<div class=\"elementor-column elementor-col-100 elementor-top-column elementor-element elementor-element-3b98f55d\" data-id=\"3b98f55d\" data-element_type=\"column\" data-e-type=\"column\">\n\t\t\t<div class=\"elementor-widget-wrap elementor-element-populated\">\n\t\t\t\t\t\t<div class=\"elementor-element elementor-element-2ed6fe40 elementor-widget elementor-widget-heading\" data-id=\"2ed6fe40\" data-element_type=\"widget\" data-e-type=\"widget\" data-widget_type=\"heading.default\">\n\t\t\t\t<div class=\"elementor-widget-container\">\n\t\t\t\t\t<h1 class=\"elementor-heading-title elementor-size-xxl\">Environnement<\/h1>\t\t\t\t<\/div>\n\t\t\t\t<\/div>\n\t\t\t\t\t<\/div>\n\t\t<\/div>\n\t\t\t\t\t<\/div>\n\t\t<\/section>\n\t\t\t\t<section class=\"elementor-section elementor-top-section elementor-element elementor-element-4263ce0f elementor-section-boxed elementor-section-height-default elementor-section-height-default\" data-id=\"4263ce0f\" data-element_type=\"section\" data-e-type=\"section\">\n\t\t\t\t\t\t<div class=\"elementor-container elementor-column-gap-default\">\n\t\t\t\t\t<div class=\"elementor-column elementor-col-100 elementor-top-column elementor-element elementor-element-5f16f4bc\" data-id=\"5f16f4bc\" data-element_type=\"column\" data-e-type=\"column\">\n\t\t\t<div class=\"elementor-widget-wrap elementor-element-populated\">\n\t\t\t\t\t\t<div class=\"elementor-element elementor-element-c592ee3 elementor-widget elementor-widget-image\" data-id=\"c592ee3\" data-element_type=\"widget\" data-e-type=\"widget\" data-widget_type=\"image.default\">\n\t\t\t\t<div class=\"elementor-widget-container\">\n\t\t\t\t\t\t\t\t\t\t\t\t\t\t\t<img fetchpriority=\"high\" decoding=\"async\" width=\"360\" height=\"360\" src=\"https:\/\/bioma.com\/wp-content\/uploads\/2023\/11\/Umwelt.png\" class=\"attachment-full size-full wp-image-12880\" alt=\"Icon der Erde\" srcset=\"https:\/\/bioma.com\/wp-content\/uploads\/2023\/11\/Umwelt.png 360w, https:\/\/bioma.com\/wp-content\/uploads\/2023\/11\/Umwelt-300x300.png 300w, https:\/\/bioma.com\/wp-content\/uploads\/2023\/11\/Umwelt-150x150.png 150w, https:\/\/bioma.com\/wp-content\/uploads\/2023\/11\/Umwelt-100x100.png 100w\" sizes=\"(max-width: 360px) 100vw, 360px\" \/>\t\t\t\t\t\t\t\t\t\t\t\t\t\t\t<\/div>\n\t\t\t\t<\/div>\n\t\t\t\t\t<\/div>\n\t\t<\/div>\n\t\t\t\t\t<\/div>\n\t\t<\/section>\n\t\t\t\t<section class=\"elementor-section elementor-top-section elementor-element elementor-element-6lwzn3i elementor-section-content-middle elementor-section-boxed elementor-section-height-default elementor-section-height-default\" data-id=\"6lwzn3i\" data-element_type=\"section\" data-e-type=\"section\" data-settings=\"{&quot;background_background&quot;:&quot;classic&quot;}\">\n\t\t\t\t\t\t<div class=\"elementor-container elementor-column-gap-no\">\n\t\t\t\t\t<div class=\"elementor-column elementor-col-50 elementor-top-column elementor-element elementor-element-bb31710\" data-id=\"bb31710\" data-element_type=\"column\" data-e-type=\"column\">\n\t\t\t<div class=\"elementor-widget-wrap elementor-element-populated\">\n\t\t\t\t\t\t<div class=\"elementor-element elementor-element-01bf1c3 elementor-widget elementor-widget-heading\" data-id=\"01bf1c3\" data-element_type=\"widget\" data-e-type=\"widget\" data-widget_type=\"heading.default\">\n\t\t\t\t<div class=\"elementor-widget-container\">\n\t\t\t\t\t<h2 class=\"elementor-heading-title elementor-size-default\">Environnement<\/h2>\t\t\t\t<\/div>\n\t\t\t\t<\/div>\n\t\t\t\t<div class=\"elementor-element elementor-element-65248c4 elementor-widget elementor-widget-text-editor\" data-id=\"65248c4\" data-element_type=\"widget\" data-e-type=\"widget\" data-widget_type=\"text-editor.default\">\n\t\t\t\t<div class=\"elementor-widget-container\">\n\t\t\t\t\t\t\t\t\t<p>Bioma a d\u00e9velopp\u00e9 une s\u00e9rie de produits enti\u00e8rement exempts de produits chimiques. Cette gamme vise \u00e0 atteindre des objectifs majeurs, notamment la d\u00e9pollution naturelle des sols contamin\u00e9s par des hydrocarbures, l&rsquo;optimisation des processus de traitement des eaux us\u00e9es dans les stations d&rsquo;\u00e9puration, ainsi que l&rsquo;\u00e9limination des odeurs dans les d\u00e9charges. Ces produits sont sp\u00e9cifiquement con\u00e7us pour intervenir de mani\u00e8re efficace dans les domaines complexes de la d\u00e9pollution environnementale.<\/p>\n\t\t\t\t\t\t\t\t<\/div>\n\t\t\t\t<\/div>\n\t\t\t\t\t<\/div>\n\t\t<\/div>\n\t\t\t\t<div class=\"elementor-column elementor-col-50 elementor-top-column elementor-element elementor-element-b8980b3\" data-id=\"b8980b3\" data-element_type=\"column\" data-e-type=\"column\">\n\t\t\t<div class=\"elementor-widget-wrap elementor-element-populated\">\n\t\t\t\t\t\t<div class=\"elementor-element elementor-element-847c1bb elementor-position-top elementor-widget elementor-widget-image-box\" data-id=\"847c1bb\" data-element_type=\"widget\" data-e-type=\"widget\" data-widget_type=\"image-box.default\">\n\t\t\t\t<div class=\"elementor-widget-container\">\n\t\t\t\t\t<div class=\"elementor-image-box-wrapper\"><figure class=\"elementor-image-box-img\"><a href=\"https:\/\/bioma.com\/fr\/idor\/\" tabindex=\"-1\"><img decoding=\"async\" width=\"236\" height=\"329\" src=\"https:\/\/bioma.com\/wp-content\/uploads\/2023\/10\/Idor-1.png\" class=\"attachment-full size-full wp-image-11798\" alt=\"\" srcset=\"https:\/\/bioma.com\/wp-content\/uploads\/2023\/10\/Idor-1.png 236w, https:\/\/bioma.com\/wp-content\/uploads\/2023\/10\/Idor-1-215x300.png 215w\" sizes=\"(max-width: 236px) 100vw, 236px\" \/><\/a><\/figure><div class=\"elementor-image-box-content\"><h3 class=\"elementor-image-box-title\"><a href=\"https:\/\/bioma.com\/fr\/idor\/\">Idor\u00ae<\/a><\/h3><p class=\"elementor-image-box-description\">Produit naturel pour le traitement des eaux us\u00e9es<\/p><\/div><\/div>\t\t\t\t<\/div>\n\t\t\t\t<\/div>\n\t\t\t\t<div class=\"elementor-element elementor-element-79fd6a3 elementor-align-center elementor-widget elementor-widget-button\" data-id=\"79fd6a3\" data-element_type=\"widget\" data-e-type=\"widget\" data-widget_type=\"button.default\">\n\t\t\t\t<div class=\"elementor-widget-container\">\n\t\t\t\t\t\t\t\t\t<div class=\"elementor-button-wrapper\">\n\t\t\t\t\t<a class=\"elementor-button elementor-button-link elementor-size-xs\" href=\"https:\/\/bioma.com\/fr\/idor\/\">\n\t\t\t\t\t\t<span class=\"elementor-button-content-wrapper\">\n\t\t\t\t\t\t\t\t\t<span class=\"elementor-button-text\">En savoir plus<\/span>\n\t\t\t\t\t<\/span>\n\t\t\t\t\t<\/a>\n\t\t\t\t<\/div>\n\t\t\t\t\t\t\t\t<\/div>\n\t\t\t\t<\/div>\n\t\t\t\t<div class=\"elementor-element elementor-element-760da55 elementor-position-top elementor-widget elementor-widget-image-box\" data-id=\"760da55\" data-element_type=\"widget\" data-e-type=\"widget\" data-widget_type=\"image-box.default\">\n\t\t\t\t<div class=\"elementor-widget-container\">\n\t\t\t\t\t<div class=\"elementor-image-box-wrapper\"><figure class=\"elementor-image-box-img\"><a href=\"https:\/\/bioma.com\/fr\/synthetos\/\" tabindex=\"-1\"><img decoding=\"async\" width=\"242\" height=\"329\" src=\"https:\/\/bioma.com\/wp-content\/uploads\/2023\/10\/Synthetos-1.png\" class=\"attachment-full size-full wp-image-11939\" alt=\"\" srcset=\"https:\/\/bioma.com\/wp-content\/uploads\/2023\/10\/Synthetos-1.png 242w, https:\/\/bioma.com\/wp-content\/uploads\/2023\/10\/Synthetos-1-221x300.png 221w\" sizes=\"(max-width: 242px) 100vw, 242px\" \/><\/a><\/figure><div class=\"elementor-image-box-content\"><h3 class=\"elementor-image-box-title\"><a href=\"https:\/\/bioma.com\/fr\/synthetos\/\">Synthetos\u00ae<\/a><\/h3><p class=\"elementor-image-box-description\">Programme de compostage des d\u00e9chets v\u00e9getaux<\/p><\/div><\/div>\t\t\t\t<\/div>\n\t\t\t\t<\/div>\n\t\t\t\t<div class=\"elementor-element elementor-element-f944301 elementor-align-center elementor-widget elementor-widget-button\" data-id=\"f944301\" data-element_type=\"widget\" data-e-type=\"widget\" data-widget_type=\"button.default\">\n\t\t\t\t<div class=\"elementor-widget-container\">\n\t\t\t\t\t\t\t\t\t<div class=\"elementor-button-wrapper\">\n\t\t\t\t\t<a class=\"elementor-button elementor-button-link elementor-size-xs\" href=\"https:\/\/bioma.com\/fr\/synthetos\/\">\n\t\t\t\t\t\t<span class=\"elementor-button-content-wrapper\">\n\t\t\t\t\t\t\t\t\t<span class=\"elementor-button-text\">En savoir plus<\/span>\n\t\t\t\t\t<\/span>\n\t\t\t\t\t<\/a>\n\t\t\t\t<\/div>\n\t\t\t\t\t\t\t\t<\/div>\n\t\t\t\t<\/div>\n\t\t\t\t\t<\/div>\n\t\t<\/div>\n\t\t\t\t\t<\/div>\n\t\t<\/section>\n\t\t\t\t<\/div>\n\t\t","protected":false},"excerpt":{"rendered":"<p>Environnement Environnement Bioma a d\u00e9velopp\u00e9 une s\u00e9rie de produits enti\u00e8rement exempts de produits chimiques. Cette gamme vise \u00e0 atteindre des objectifs majeurs, notamment la d\u00e9pollution naturelle des sols contamin\u00e9s par des hydrocarbures, l&rsquo;optimisation des processus de traitement des eaux us\u00e9es dans les stations d&rsquo;\u00e9puration, ainsi que l&rsquo;\u00e9limination des odeurs dans les d\u00e9charges. Ces produits sont [&hellip;]<\/p>\n","protected":false},"author":1,"featured_media":0,"parent":0,"menu_order":0,"comment_status":"closed","ping_status":"closed","template":"","meta":{"site-sidebar-layout":"no-sidebar","site-content-layout":"page-builder","ast-site-content-layout":"default","site-content-style":"default","site-sidebar-style":"default","ast-global-header-display":"","ast-banner-title-visibility":"","ast-main-header-display":"","ast-hfb-above-header-display":"","ast-hfb-below-header-display":"","ast-hfb-mobile-header-display":"","site-post-title":"disabled","ast-breadcrumbs-content":"","ast-featured-img":"disabled","footer-sml-layout":"","ast-disable-related-posts":"","theme-transparent-header-meta":"","adv-header-id-meta":"","stick-header-meta":"","header-above-stick-meta":"","header-main-stick-meta":"","header-below-stick-meta":"","astra-migrate-meta-layouts":"default","ast-page-background-enabled":"default","ast-page-background-meta":{"desktop":{"background-color":"","background-image":"","background-repeat":"repeat","background-position":"center center","background-size":"auto","background-attachment":"scroll","background-type":"","background-media":"","overlay-type":"","overlay-color":"","overlay-opacity":"","overlay-gradient":""},"tablet":{"background-color":"","background-image":"","background-repeat":"repeat","background-position":"center center","background-size":"auto","background-attachment":"scroll","background-type":"","background-media":"","overlay-type":"","overlay-color":"","overlay-opacity":"","overlay-gradient":""},"mobile":{"background-color":"","background-image":"","background-repeat":"repeat","background-position":"center center","background-size":"auto","background-attachment":"scroll","background-type":"","background-media":"","overlay-type":"","overlay-color":"","overlay-opacity":"","overlay-gradient":""}},"ast-content-background-meta":{"desktop":{"background-color":"var(--ast-global-color-5)","background-image":"","background-repeat":"repeat","background-position":"center center","background-size":"auto","background-attachment":"scroll","background-type":"","background-media":"","overlay-type":"","overlay-color":"","overlay-opacity":"","overlay-gradient":""},"tablet":{"background-color":"var(--ast-global-color-5)","background-image":"","background-repeat":"repeat","background-position":"center center","background-size":"auto","background-attachment":"scroll","background-type":"","background-media":"","overlay-type":"","overlay-color":"","overlay-opacity":"","overlay-gradient":""},"mobile":{"background-color":"var(--ast-global-color-5)","background-image":"","background-repeat":"repeat","background-position":"center center","background-size":"auto","background-attachment":"scroll","background-type":"","background-media":"","overlay-type":"","overlay-color":"","overlay-opacity":"","overlay-gradient":""}},"footnotes":""},"class_list":["post-9719","page","type-page","status-publish","hentry"],"yoast_head":"<!-- This site is optimized with the Yoast SEO plugin v27.4 - https:\/\/yoast.com\/product\/yoast-seo-wordpress\/ -->\n<title>Environnement - Bioma SA<\/title>\n<meta name=\"robots\" content=\"index, follow, max-snippet:-1, max-image-preview:large, max-video-preview:-1\" \/>\n<link rel=\"canonical\" href=\"https:\/\/bioma.com\/fr\/environnement\/\" \/>\n<meta property=\"og:locale\" content=\"fr_FR\" \/>\n<meta property=\"og:type\" content=\"article\" \/>\n<meta property=\"og:title\" content=\"Environnement - Bioma SA\" \/>\n<meta property=\"og:description\" content=\"Environnement Environnement Bioma a d\u00e9velopp\u00e9 une s\u00e9rie de produits enti\u00e8rement exempts de produits chimiques. Cette gamme vise \u00e0 atteindre des objectifs majeurs, notamment la d\u00e9pollution naturelle des sols contamin\u00e9s par des hydrocarbures, l&rsquo;optimisation des processus de traitement des eaux us\u00e9es dans les stations d&rsquo;\u00e9puration, ainsi que l&rsquo;\u00e9limination des odeurs dans les d\u00e9charges. Ces produits sont [&hellip;]\" \/>\n<meta property=\"og:url\" content=\"https:\/\/bioma.com\/fr\/environnement\/\" \/>\n<meta property=\"og:site_name\" content=\"Bioma SA\" \/>\n<meta property=\"article:publisher\" content=\"https:\/\/www.facebook.com\/profile.php?id=100089638826673\" \/>\n<meta property=\"article:modified_time\" content=\"2023-12-21T10:26:07+00:00\" \/>\n<meta property=\"og:image\" content=\"https:\/\/i0.wp.com\/bioma.com\/wp-content\/uploads\/2023\/11\/Umwelt.png?fit=360%2C360&amp;ssl=1\" \/>\n<meta name=\"twitter:card\" content=\"summary_large_image\" \/>\n<meta name=\"twitter:label1\" content=\"Dur\u00e9e de lecture estim\u00e9e\" \/>\n\t<meta name=\"twitter:data1\" content=\"1 minute\" \/>\n<script type=\"application\/ld+json\" class=\"yoast-schema-graph\">{\"@context\":\"https:\\\/\\\/schema.org\",\"@graph\":[{\"@type\":\"WebPage\",\"@id\":\"https:\\\/\\\/bioma.com\\\/fr\\\/environnement\\\/\",\"url\":\"https:\\\/\\\/bioma.com\\\/fr\\\/environnement\\\/\",\"name\":\"Environnement - Bioma SA\",\"isPartOf\":{\"@id\":\"https:\\\/\\\/bioma.com\\\/fr\\\/#website\"},\"primaryImageOfPage\":{\"@id\":\"https:\\\/\\\/bioma.com\\\/fr\\\/environnement\\\/#primaryimage\"},\"image\":{\"@id\":\"https:\\\/\\\/bioma.com\\\/fr\\\/environnement\\\/#primaryimage\"},\"thumbnailUrl\":\"https:\\\/\\\/i0.wp.com\\\/bioma.com\\\/wp-content\\\/uploads\\\/2023\\\/11\\\/Umwelt.png?fit=360%2C360&amp;ssl=1\",\"datePublished\":\"2023-07-07T06:51:30+00:00\",\"dateModified\":\"2023-12-21T10:26:07+00:00\",\"breadcrumb\":{\"@id\":\"https:\\\/\\\/bioma.com\\\/fr\\\/environnement\\\/#breadcrumb\"},\"inLanguage\":\"fr-FR\",\"potentialAction\":[{\"@type\":\"ReadAction\",\"target\":[\"https:\\\/\\\/bioma.com\\\/fr\\\/environnement\\\/\"]}]},{\"@type\":\"ImageObject\",\"inLanguage\":\"fr-FR\",\"@id\":\"https:\\\/\\\/bioma.com\\\/fr\\\/environnement\\\/#primaryimage\",\"url\":\"https:\\\/\\\/i0.wp.com\\\/bioma.com\\\/wp-content\\\/uploads\\\/2023\\\/11\\\/Umwelt.png?fit=360%2C360&amp;ssl=1\",\"contentUrl\":\"https:\\\/\\\/i0.wp.com\\\/bioma.com\\\/wp-content\\\/uploads\\\/2023\\\/11\\\/Umwelt.png?fit=360%2C360&amp;ssl=1\"},{\"@type\":\"BreadcrumbList\",\"@id\":\"https:\\\/\\\/bioma.com\\\/fr\\\/environnement\\\/#breadcrumb\",\"itemListElement\":[{\"@type\":\"ListItem\",\"position\":1,\"name\":\"Startseite\",\"item\":\"https:\\\/\\\/bioma.com\\\/fr\\\/home\\\/\"},{\"@type\":\"ListItem\",\"position\":2,\"name\":\"Environnement\"}]},{\"@type\":\"WebSite\",\"@id\":\"https:\\\/\\\/bioma.com\\\/fr\\\/#website\",\"url\":\"https:\\\/\\\/bioma.com\\\/fr\\\/\",\"name\":\"Bioma SA\",\"description\":\"Geolife Technology\",\"publisher\":{\"@id\":\"https:\\\/\\\/bioma.com\\\/fr\\\/#organization\"},\"alternateName\":\"Bioma\",\"potentialAction\":[{\"@type\":\"SearchAction\",\"target\":{\"@type\":\"EntryPoint\",\"urlTemplate\":\"https:\\\/\\\/bioma.com\\\/fr\\\/?s={search_term_string}\"},\"query-input\":{\"@type\":\"PropertyValueSpecification\",\"valueRequired\":true,\"valueName\":\"search_term_string\"}}],\"inLanguage\":\"fr-FR\"},{\"@type\":\"Organization\",\"@id\":\"https:\\\/\\\/bioma.com\\\/fr\\\/#organization\",\"name\":\"Bioma SA\",\"alternateName\":\"Bioma\",\"url\":\"https:\\\/\\\/bioma.com\\\/fr\\\/\",\"logo\":{\"@type\":\"ImageObject\",\"inLanguage\":\"fr-FR\",\"@id\":\"https:\\\/\\\/bioma.com\\\/fr\\\/#\\\/schema\\\/logo\\\/image\\\/\",\"url\":\"https:\\\/\\\/bioma.com\\\/wp-content\\\/uploads\\\/2023\\\/05\\\/logo_Bioma_black.png\",\"contentUrl\":\"https:\\\/\\\/bioma.com\\\/wp-content\\\/uploads\\\/2023\\\/05\\\/logo_Bioma_black.png\",\"width\":1383,\"height\":408,\"caption\":\"Bioma SA\"},\"image\":{\"@id\":\"https:\\\/\\\/bioma.com\\\/fr\\\/#\\\/schema\\\/logo\\\/image\\\/\"},\"sameAs\":[\"https:\\\/\\\/www.facebook.com\\\/profile.php?id=100089638826673\",\"https:\\\/\\\/www.linkedin.com\\\/company\\\/69675437\",\"https:\\\/\\\/www.instagram.com\\\/bioma.sa\\\/\",\"https:\\\/\\\/www.youtube.com\\\/channel\\\/UCIZGmdEZWEC0Xc7w8oSKUkA\"]}]}<\/script>\n<!-- \/ Yoast SEO plugin. -->","yoast_head_json":{"title":"Environnement - Bioma SA","robots":{"index":"index","follow":"follow","max-snippet":"max-snippet:-1","max-image-preview":"max-image-preview:large","max-video-preview":"max-video-preview:-1"},"canonical":"https:\/\/bioma.com\/fr\/environnement\/","og_locale":"fr_FR","og_type":"article","og_title":"Environnement - Bioma SA","og_description":"Environnement Environnement Bioma a d\u00e9velopp\u00e9 une s\u00e9rie de produits enti\u00e8rement exempts de produits chimiques. Cette gamme vise \u00e0 atteindre des objectifs majeurs, notamment la d\u00e9pollution naturelle des sols contamin\u00e9s par des hydrocarbures, l&rsquo;optimisation des processus de traitement des eaux us\u00e9es dans les stations d&rsquo;\u00e9puration, ainsi que l&rsquo;\u00e9limination des odeurs dans les d\u00e9charges. Ces produits sont [&hellip;]","og_url":"https:\/\/bioma.com\/fr\/environnement\/","og_site_name":"Bioma SA","article_publisher":"https:\/\/www.facebook.com\/profile.php?id=100089638826673","article_modified_time":"2023-12-21T10:26:07+00:00","og_image":[{"url":"https:\/\/i0.wp.com\/bioma.com\/wp-content\/uploads\/2023\/11\/Umwelt.png?fit=360%2C360&amp;ssl=1","type":"","width":"","height":""}],"twitter_card":"summary_large_image","twitter_misc":{"Dur\u00e9e de lecture estim\u00e9e":"1 minute"},"schema":{"@context":"https:\/\/schema.org","@graph":[{"@type":"WebPage","@id":"https:\/\/bioma.com\/fr\/environnement\/","url":"https:\/\/bioma.com\/fr\/environnement\/","name":"Environnement - Bioma SA","isPartOf":{"@id":"https:\/\/bioma.com\/fr\/#website"},"primaryImageOfPage":{"@id":"https:\/\/bioma.com\/fr\/environnement\/#primaryimage"},"image":{"@id":"https:\/\/bioma.com\/fr\/environnement\/#primaryimage"},"thumbnailUrl":"https:\/\/i0.wp.com\/bioma.com\/wp-content\/uploads\/2023\/11\/Umwelt.png?fit=360%2C360&amp;ssl=1","datePublished":"2023-07-07T06:51:30+00:00","dateModified":"2023-12-21T10:26:07+00:00","breadcrumb":{"@id":"https:\/\/bioma.com\/fr\/environnement\/#breadcrumb"},"inLanguage":"fr-FR","potentialAction":[{"@type":"ReadAction","target":["https:\/\/bioma.com\/fr\/environnement\/"]}]},{"@type":"ImageObject","inLanguage":"fr-FR","@id":"https:\/\/bioma.com\/fr\/environnement\/#primaryimage","url":"https:\/\/i0.wp.com\/bioma.com\/wp-content\/uploads\/2023\/11\/Umwelt.png?fit=360%2C360&amp;ssl=1","contentUrl":"https:\/\/i0.wp.com\/bioma.com\/wp-content\/uploads\/2023\/11\/Umwelt.png?fit=360%2C360&amp;ssl=1"},{"@type":"BreadcrumbList","@id":"https:\/\/bioma.com\/fr\/environnement\/#breadcrumb","itemListElement":[{"@type":"ListItem","position":1,"name":"Startseite","item":"https:\/\/bioma.com\/fr\/home\/"},{"@type":"ListItem","position":2,"name":"Environnement"}]},{"@type":"WebSite","@id":"https:\/\/bioma.com\/fr\/#website","url":"https:\/\/bioma.com\/fr\/","name":"Bioma SA","description":"Geolife Technology","publisher":{"@id":"https:\/\/bioma.com\/fr\/#organization"},"alternateName":"Bioma","potentialAction":[{"@type":"SearchAction","target":{"@type":"EntryPoint","urlTemplate":"https:\/\/bioma.com\/fr\/?s={search_term_string}"},"query-input":{"@type":"PropertyValueSpecification","valueRequired":true,"valueName":"search_term_string"}}],"inLanguage":"fr-FR"},{"@type":"Organization","@id":"https:\/\/bioma.com\/fr\/#organization","name":"Bioma SA","alternateName":"Bioma","url":"https:\/\/bioma.com\/fr\/","logo":{"@type":"ImageObject","inLanguage":"fr-FR","@id":"https:\/\/bioma.com\/fr\/#\/schema\/logo\/image\/","url":"https:\/\/bioma.com\/wp-content\/uploads\/2023\/05\/logo_Bioma_black.png","contentUrl":"https:\/\/bioma.com\/wp-content\/uploads\/2023\/05\/logo_Bioma_black.png","width":1383,"height":408,"caption":"Bioma SA"},"image":{"@id":"https:\/\/bioma.com\/fr\/#\/schema\/logo\/image\/"},"sameAs":["https:\/\/www.facebook.com\/profile.php?id=100089638826673","https:\/\/www.linkedin.com\/company\/69675437","https:\/\/www.instagram.com\/bioma.sa\/","https:\/\/www.youtube.com\/channel\/UCIZGmdEZWEC0Xc7w8oSKUkA"]}]}},"_links":{"self":[{"href":"https:\/\/bioma.com\/fr\/wp-json\/wp\/v2\/pages\/9719","targetHints":{"allow":["GET"]}}],"collection":[{"href":"https:\/\/bioma.com\/fr\/wp-json\/wp\/v2\/pages"}],"about":[{"href":"https:\/\/bioma.com\/fr\/wp-json\/wp\/v2\/types\/page"}],"author":[{"embeddable":true,"href":"https:\/\/bioma.com\/fr\/wp-json\/wp\/v2\/users\/1"}],"replies":[{"embeddable":true,"href":"https:\/\/bioma.com\/fr\/wp-json\/wp\/v2\/comments?post=9719"}],"version-history":[{"count":5,"href":"https:\/\/bioma.com\/fr\/wp-json\/wp\/v2\/pages\/9719\/revisions"}],"predecessor-version":[{"id":13567,"href":"https:\/\/bioma.com\/fr\/wp-json\/wp\/v2\/pages\/9719\/revisions\/13567"}],"wp:attachment":[{"href":"https:\/\/bioma.com\/fr\/wp-json\/wp\/v2\/media?parent=9719"}],"curies":[{"name":"wp","href":"https:\/\/api.w.org\/{rel}","templated":true}]}}