{"id":13027,"date":"2023-11-24T10:30:06","date_gmt":"2023-11-24T09:30:06","guid":{"rendered":"https:\/\/bioma.com\/?page_id=13027"},"modified":"2024-11-26T14:15:38","modified_gmt":"2024-11-26T13:15:38","slug":"petrolsynth","status":"publish","type":"page","link":"https:\/\/bioma.com\/fr\/petrolsynth\/","title":{"rendered":"Petrolsynth\u00ae"},"content":{"rendered":"\t\t<div data-elementor-type=\"wp-page\" data-elementor-id=\"13027\" class=\"elementor elementor-13027 elementor-13025\" data-elementor-post-type=\"page\">\n\t\t\t\t\t\t<section class=\"elementor-section elementor-top-section elementor-element elementor-element-2800b225 elementor-section-content-middle elementor-section-boxed elementor-section-height-default elementor-section-height-default\" data-id=\"2800b225\" data-element_type=\"section\" data-e-type=\"section\" data-settings=\"{&quot;background_background&quot;:&quot;classic&quot;}\">\n\t\t\t\t\t\t\t<div class=\"elementor-background-overlay\"><\/div>\n\t\t\t\t\t\t\t<div class=\"elementor-container elementor-column-gap-default\">\n\t\t\t\t\t<div class=\"elementor-column elementor-col-100 elementor-top-column elementor-element elementor-element-2c72455e\" data-id=\"2c72455e\" data-element_type=\"column\" data-e-type=\"column\">\n\t\t\t<div class=\"elementor-widget-wrap elementor-element-populated\">\n\t\t\t\t\t\t<div class=\"elementor-element elementor-element-4321d625 elementor-widget elementor-widget-heading\" data-id=\"4321d625\" data-element_type=\"widget\" data-e-type=\"widget\" data-widget_type=\"heading.default\">\n\t\t\t\t<div class=\"elementor-widget-container\">\n\t\t\t\t\t<h1 class=\"elementor-heading-title elementor-size-xxl\">Petrolsynth\u00ae<\/h1>\t\t\t\t<\/div>\n\t\t\t\t<\/div>\n\t\t\t\t\t<\/div>\n\t\t<\/div>\n\t\t\t\t\t<\/div>\n\t\t<\/section>\n\t\t\t\t<section class=\"elementor-section elementor-top-section elementor-element elementor-element-45e5d4cc elementor-section-boxed elementor-section-height-default elementor-section-height-default\" data-id=\"45e5d4cc\" data-element_type=\"section\" data-e-type=\"section\">\n\t\t\t\t\t\t<div class=\"elementor-container elementor-column-gap-default\">\n\t\t\t\t\t<div class=\"elementor-column elementor-col-100 elementor-top-column elementor-element elementor-element-2bf0d688\" data-id=\"2bf0d688\" data-element_type=\"column\" data-e-type=\"column\">\n\t\t\t<div class=\"elementor-widget-wrap elementor-element-populated\">\n\t\t\t\t\t\t<div class=\"elementor-element elementor-element-147e1503 elementor-widget elementor-widget-image\" data-id=\"147e1503\" data-element_type=\"widget\" data-e-type=\"widget\" data-widget_type=\"image.default\">\n\t\t\t\t<div class=\"elementor-widget-container\">\n\t\t\t\t\t\t\t\t\t\t\t\t\t\t\t<img fetchpriority=\"high\" decoding=\"async\" width=\"323\" height=\"360\" src=\"https:\/\/bioma.com\/wp-content\/uploads\/2023\/11\/Petrolsynth.png\" class=\"attachment-full size-full wp-image-13074\" alt=\"\" srcset=\"https:\/\/bioma.com\/wp-content\/uploads\/2023\/11\/Petrolsynth.png 323w, https:\/\/bioma.com\/wp-content\/uploads\/2023\/11\/Petrolsynth-269x300.png 269w\" sizes=\"(max-width: 323px) 100vw, 323px\" \/>\t\t\t\t\t\t\t\t\t\t\t\t\t\t\t<\/div>\n\t\t\t\t<\/div>\n\t\t\t\t\t<\/div>\n\t\t<\/div>\n\t\t\t\t\t<\/div>\n\t\t<\/section>\n\t\t<div class=\"elementor-element elementor-element-05b1a4f e-con-full e-flex e-con e-parent\" data-id=\"05b1a4f\" data-element_type=\"container\" data-e-type=\"container\" data-settings=\"{&quot;background_background&quot;:&quot;classic&quot;}\">\n\t\t<div class=\"elementor-element elementor-element-3506aea e-con-full e-flex e-con e-child\" data-id=\"3506aea\" data-element_type=\"container\" data-e-type=\"container\">\n\t\t\t\t<div class=\"elementor-element elementor-element-d4e53bc elementor-widget elementor-widget-heading\" data-id=\"d4e53bc\" data-element_type=\"widget\" data-e-type=\"widget\" data-widget_type=\"heading.default\">\n\t\t\t\t<div class=\"elementor-widget-container\">\n\t\t\t\t\t<h2 class=\"elementor-heading-title elementor-size-large\">Petrolsynth : La r\u00e9volution naturelle pour la d\u00e9contamination<\/h2>\t\t\t\t<\/div>\n\t\t\t\t<\/div>\n\t\t\t\t<div class=\"elementor-element elementor-element-d20bd66 elementor-widget elementor-widget-text-editor\" data-id=\"d20bd66\" data-element_type=\"widget\" data-e-type=\"widget\" data-widget_type=\"text-editor.default\">\n\t\t\t\t<div class=\"elementor-widget-container\">\n\t\t\t\t\t\t\t\t\t<p>La d\u00e9contamination traditionnelle est souvent co\u00fbteuse et inefficace. Notre alternative innovante, bas\u00e9e sur la rem\u00e9diation microbienne, respecte l&rsquo;environnement et offre une solution efficace. En combinant des bact\u00e9ries et des champignons synergiques, stimul\u00e9s par des extraits d&rsquo;algues exclusifs, notre produit d\u00e9grade efficacement les hydrocarbures et stabilise les m\u00e9taux lourds. Notre produit stimule la croissance de microorganismes locaux et acc\u00e9l\u00e8re la rem\u00e9diation des biomasses contamin\u00e9es. Cette symbiose naturelle lib\u00e8re des enzymes essentielles, telles que l&rsquo;oxyg\u00e9nase, la lipase, la prot\u00e9ase et l&rsquo;amylase, qui favorisent la d\u00e9gradation des polluants organiques.<\/p><p>Dans des conditions id\u00e9ales, notre formule r\u00e9duit fortement les hydrocarbures aliphatiques et aromatiques, diminue les HAP (hydrocarbures aromatiques polycycliques) et r\u00e9duit la biodisponibilit\u00e9 des m\u00e9taux lourds dans la biomasse trait\u00e9e.<\/p><p>Nos \u00e9tudes montrent une r\u00e9duction des hydrocarbures totaux et lourds allant jusqu&rsquo;\u00e0 95% en peu de temps et avec une seule application. De plus, elle diminue la biodisponibilit\u00e9 des m\u00e9taux lourds.<\/p><p>Notre approche unique active d&rsquo;abord les microorganismes locaux, puis initie le processus de d\u00e9gradation des contaminants pour restaurer la vitalit\u00e9 du sol. Notre solution est exempte de bact\u00e9ries pathog\u00e8nes, d&rsquo;OGM et de substances synth\u00e9tiques afin d&rsquo;\u00eatre s\u00fbre pour l&rsquo;environnement et les utilisateurs.<\/p><p>Donnez \u00e0 vos biomasses pollu\u00e9es un coup de pouce en mati\u00e8re de rem\u00e9diation avec notre solution naturelle efficace. Restaurez la sant\u00e9 de votre terre avec notre alternative respectueuse de l&rsquo;environnement.<\/p>\t\t\t\t\t\t\t\t<\/div>\n\t\t\t\t<\/div>\n\t\t\t\t<div class=\"elementor-element elementor-element-847e350 elementor-view-default elementor-position-block-start elementor-mobile-position-block-start elementor-widget elementor-widget-icon-box\" data-id=\"847e350\" data-element_type=\"widget\" data-e-type=\"widget\" data-widget_type=\"icon-box.default\">\n\t\t\t\t<div class=\"elementor-widget-container\">\n\t\t\t\t\t\t\t<div class=\"elementor-icon-box-wrapper\">\n\n\t\t\t\t\t\t<div class=\"elementor-icon-box-icon\">\n\t\t\t\t<a href=\"https:\/\/bioma.com\/wp-content\/uploads\/2024\/05\/221026_Petrolsynth_EN_IT_web.pdf\" target=\"_blank\" class=\"elementor-icon\" tabindex=\"-1\" aria-label=\"Petrolsynth\u00ae instructions (EN)\">\n\t\t\t\t<svg aria-hidden=\"true\" class=\"e-font-icon-svg e-far-file-pdf\" viewBox=\"0 0 384 512\" xmlns=\"http:\/\/www.w3.org\/2000\/svg\"><path d=\"M369.9 97.9L286 14C277 5 264.8-.1 252.1-.1H48C21.5 0 0 21.5 0 48v416c0 26.5 21.5 48 48 48h288c26.5 0 48-21.5 48-48V131.9c0-12.7-5.1-25-14.1-34zM332.1 128H256V51.9l76.1 76.1zM48 464V48h160v104c0 13.3 10.7 24 24 24h104v288H48zm250.2-143.7c-12.2-12-47-8.7-64.4-6.5-17.2-10.5-28.7-25-36.8-46.3 3.9-16.1 10.1-40.6 5.4-56-4.2-26.2-37.8-23.6-42.6-5.9-4.4 16.1-.4 38.5 7 67.1-10 23.9-24.9 56-35.4 74.4-20 10.3-47 26.2-51 46.2-3.3 15.8 26 55.2 76.1-31.2 22.4-7.4 46.8-16.5 68.4-20.1 18.9 10.2 41 17 55.8 17 25.5 0 28-28.2 17.5-38.7zm-198.1 77.8c5.1-13.7 24.5-29.5 30.4-35-19 30.3-30.4 35.7-30.4 35zm81.6-190.6c7.4 0 6.7 32.1 1.8 40.8-4.4-13.9-4.3-40.8-1.8-40.8zm-24.4 136.6c9.7-16.9 18-37 24.7-54.7 8.3 15.1 18.9 27.2 30.1 35.5-20.8 4.3-38.9 13.1-54.8 19.2zm131.6-5s-5 6-37.3-7.8c35.1-2.6 40.9 5.4 37.3 7.8z\"><\/path><\/svg>\t\t\t\t<\/a>\n\t\t\t<\/div>\n\t\t\t\n\t\t\t\t\t\t<div class=\"elementor-icon-box-content\">\n\n\t\t\t\t\t\t\t\t\t<h3 class=\"elementor-icon-box-title\">\n\t\t\t\t\t\t<a href=\"https:\/\/bioma.com\/wp-content\/uploads\/2024\/05\/221026_Petrolsynth_EN_IT_web.pdf\" target=\"_blank\" >\n\t\t\t\t\t\t\tPetrolsynth\u00ae instructions (EN)\t\t\t\t\t\t<\/a>\n\t\t\t\t\t<\/h3>\n\t\t\t\t\n\t\t\t\t\n\t\t\t<\/div>\n\t\t\t\n\t\t<\/div>\n\t\t\t\t\t\t<\/div>\n\t\t\t\t<\/div>\n\t\t\t\t<\/div>\n\t\t<div class=\"elementor-element elementor-element-33443b7 e-con-full e-flex e-con e-child\" data-id=\"33443b7\" data-element_type=\"container\" data-e-type=\"container\">\n\t\t\t\t<div class=\"elementor-element elementor-element-d118c7d elementor-widget elementor-widget-image\" data-id=\"d118c7d\" data-element_type=\"widget\" data-e-type=\"widget\" data-widget_type=\"image.default\">\n\t\t\t\t<div class=\"elementor-widget-container\">\n\t\t\t\t\t\t\t\t\t\t\t\t\t\t\t<img decoding=\"async\" width=\"1000\" height=\"667\" src=\"https:\/\/bioma.com\/wp-content\/uploads\/2023\/11\/bild_oben_petrolsynth.jpg\" class=\"attachment-full size-full wp-image-13060\" alt=\"Bild eines \u00d6lflecks\" srcset=\"https:\/\/bioma.com\/wp-content\/uploads\/2023\/11\/bild_oben_petrolsynth.jpg 1000w, https:\/\/bioma.com\/wp-content\/uploads\/2023\/11\/bild_oben_petrolsynth-300x200.jpg 300w, https:\/\/bioma.com\/wp-content\/uploads\/2023\/11\/bild_oben_petrolsynth-768x512.jpg 768w, https:\/\/bioma.com\/wp-content\/uploads\/2023\/11\/bild_oben_petrolsynth-600x400.jpg 600w\" sizes=\"(max-width: 1000px) 100vw, 1000px\" \/>\t\t\t\t\t\t\t\t\t\t\t\t\t\t\t<\/div>\n\t\t\t\t<\/div>\n\t\t\t\t<\/div>\n\t\t\t\t<\/div>\n\t\t<div class=\"elementor-element elementor-element-f3d42d0 e-con-full e-flex e-con e-parent\" data-id=\"f3d42d0\" data-element_type=\"container\" data-e-type=\"container\">\n\t\t<div class=\"elementor-element elementor-element-04fa5e5 e-con-full e-flex e-con e-child\" data-id=\"04fa5e5\" data-element_type=\"container\" data-e-type=\"container\">\n\t\t\t\t<div class=\"elementor-element elementor-element-17aeab5 elementor-widget elementor-widget-heading\" data-id=\"17aeab5\" data-element_type=\"widget\" data-e-type=\"widget\" data-widget_type=\"heading.default\">\n\t\t\t\t<div class=\"elementor-widget-container\">\n\t\t\t\t\t<h2 class=\"elementor-heading-title elementor-size-default\">D\u00e9couvrez-en plus sur Petrolsynth\u00ae:<\/h2>\t\t\t\t<\/div>\n\t\t\t\t<\/div>\n\t\t\t\t<div class=\"elementor-element elementor-element-6731a9a elementor-button-align-start elementor-widget elementor-widget-form\" data-id=\"6731a9a\" data-element_type=\"widget\" data-e-type=\"widget\" data-settings=\"{&quot;step_next_label&quot;:&quot;Suivant&quot;,&quot;step_previous_label&quot;:&quot;Pr\\u00e9c\\u00e9dent&quot;,&quot;button_width&quot;:&quot;100&quot;,&quot;step_type&quot;:&quot;number_text&quot;,&quot;step_icon_shape&quot;:&quot;circle&quot;}\" data-widget_type=\"form.default\">\n\t\t\t\t<div class=\"elementor-widget-container\">\n\t\t\t\t\t\t\t<form class=\"elementor-form\" method=\"post\" name=\"Nouvelle forme\" aria-label=\"Nouvelle forme\">\n\t\t\t<input type=\"hidden\" name=\"post_id\" value=\"13027\"\/>\n\t\t\t<input type=\"hidden\" name=\"form_id\" value=\"6731a9a\"\/>\n\t\t\t<input type=\"hidden\" name=\"referer_title\" value=\"Petrolsynth\u00ae - Bioma SA\" \/>\n\n\t\t\t\t\t\t\t<input type=\"hidden\" name=\"queried_id\" value=\"13027\"\/>\n\t\t\t\n\t\t\t<div class=\"elementor-form-fields-wrapper elementor-labels-above\">\n\t\t\t\t\t\t\t\t<div class=\"elementor-field-type-text elementor-field-group elementor-column elementor-field-group-name elementor-col-100 elementor-field-required\">\n\t\t\t\t\t\t\t\t\t\t\t\t<label for=\"form-field-name\" class=\"elementor-field-label\">\n\t\t\t\t\t\t\t\tPr\u00e9nom \/ Nom de famille\t\t\t\t\t\t\t<\/label>\n\t\t\t\t\t\t\t\t\t\t\t\t\t\t<input size=\"1\" type=\"text\" name=\"form_fields[name]\" id=\"form-field-name\" class=\"elementor-field elementor-size-sm  elementor-field-textual\" placeholder=\"Pr\u00e9nom \/ Nom de famille\" required=\"required\">\n\t\t\t\t\t\t\t\t\t\t\t<\/div>\n\t\t\t\t\t\t\t\t<div class=\"elementor-field-type-email elementor-field-group elementor-column elementor-field-group-email elementor-col-100 elementor-field-required\">\n\t\t\t\t\t\t\t\t\t\t\t\t<label for=\"form-field-email\" class=\"elementor-field-label\">\n\t\t\t\t\t\t\t\tEmail\t\t\t\t\t\t\t<\/label>\n\t\t\t\t\t\t\t\t\t\t\t\t\t\t<input size=\"1\" type=\"email\" name=\"form_fields[email]\" id=\"form-field-email\" class=\"elementor-field elementor-size-sm  elementor-field-textual\" placeholder=\"Email\" required=\"required\">\n\t\t\t\t\t\t\t\t\t\t\t<\/div>\n\t\t\t\t\t\t\t\t<div class=\"elementor-field-type-textarea elementor-field-group elementor-column elementor-field-group-message elementor-col-100 elementor-field-required\">\n\t\t\t\t\t\t\t\t\t\t\t\t<label for=\"form-field-message\" class=\"elementor-field-label\">\n\t\t\t\t\t\t\t\tMessage\t\t\t\t\t\t\t<\/label>\n\t\t\t\t\t\t<textarea class=\"elementor-field-textual elementor-field  elementor-size-sm\" name=\"form_fields[message]\" id=\"form-field-message\" rows=\"4\" placeholder=\"Informez-nous de votre situation\" required=\"required\"><\/textarea>\t\t\t\t<\/div>\n\t\t\t\t\t\t\t\t<div class=\"elementor-field-type-text\">\n\t\t\t\t\t<input size=\"1\" type=\"text\" name=\"form_fields[field_c55cb08]\" id=\"form-field-field_c55cb08\" class=\"elementor-field elementor-size-sm \" style=\"display:none !important;\">\t\t\t\t<\/div>\n\t\t\t\t\t\t\t\t<div class=\"elementor-field-group elementor-column elementor-field-type-submit elementor-col-100 e-form__buttons\">\n\t\t\t\t\t<button class=\"elementor-button elementor-size-sm\" type=\"submit\">\n\t\t\t\t\t\t<span class=\"elementor-button-content-wrapper\">\n\t\t\t\t\t\t\t\t\t\t\t\t\t\t\t\t\t\t\t\t\t\t<span class=\"elementor-button-text\">Envoyer<\/span>\n\t\t\t\t\t\t\t\t\t\t\t\t\t<\/span>\n\t\t\t\t\t<\/button>\n\t\t\t\t<\/div>\n\t\t\t<\/div>\n\t\t<\/form>\n\t\t\t\t\t\t<\/div>\n\t\t\t\t<\/div>\n\t\t\t\t<\/div>\n\t\t<div class=\"elementor-element elementor-element-1f3149d e-con-full e-flex e-con e-child\" data-id=\"1f3149d\" data-element_type=\"container\" data-e-type=\"container\">\n\t\t\t\t<\/div>\n\t\t\t\t<\/div>\n\t\t\t\t<\/div>\n\t\t","protected":false},"excerpt":{"rendered":"<p>Petrolsynth\u00ae Petrolsynth : La r\u00e9volution naturelle pour la d\u00e9contamination La d\u00e9contamination traditionnelle est souvent co\u00fbteuse et inefficace. Notre alternative innovante, bas\u00e9e sur la rem\u00e9diation microbienne, respecte l&rsquo;environnement et offre une solution efficace. En combinant des bact\u00e9ries et des champignons synergiques, stimul\u00e9s par des extraits d&rsquo;algues exclusifs, notre produit d\u00e9grade efficacement les hydrocarbures et stabilise les [&hellip;]<\/p>\n","protected":false},"author":1,"featured_media":0,"parent":0,"menu_order":0,"comment_status":"closed","ping_status":"closed","template":"","meta":{"site-sidebar-layout":"no-sidebar","site-content-layout":"page-builder","ast-site-content-layout":"full-width-container","site-content-style":"unboxed","site-sidebar-style":"unboxed","ast-global-header-display":"","ast-banner-title-visibility":"","ast-main-header-display":"","ast-hfb-above-header-display":"","ast-hfb-below-header-display":"","ast-hfb-mobile-header-display":"","site-post-title":"disabled","ast-breadcrumbs-content":"","ast-featured-img":"disabled","footer-sml-layout":"","ast-disable-related-posts":"","theme-transparent-header-meta":"","adv-header-id-meta":"","stick-header-meta":"","header-above-stick-meta":"","header-main-stick-meta":"","header-below-stick-meta":"","astra-migrate-meta-layouts":"default","ast-page-background-enabled":"default","ast-page-background-meta":{"desktop":{"background-color":"","background-image":"","background-repeat":"repeat","background-position":"center center","background-size":"auto","background-attachment":"scroll","background-type":"","background-media":"","overlay-type":"","overlay-color":"","overlay-opacity":"","overlay-gradient":""},"tablet":{"background-color":"","background-image":"","background-repeat":"repeat","background-position":"center center","background-size":"auto","background-attachment":"scroll","background-type":"","background-media":"","overlay-type":"","overlay-color":"","overlay-opacity":"","overlay-gradient":""},"mobile":{"background-color":"","background-image":"","background-repeat":"repeat","background-position":"center center","background-size":"auto","background-attachment":"scroll","background-type":"","background-media":"","overlay-type":"","overlay-color":"","overlay-opacity":"","overlay-gradient":""}},"ast-content-background-meta":{"desktop":{"background-color":"var(--ast-global-color-5)","background-image":"","background-repeat":"repeat","background-position":"center center","background-size":"auto","background-attachment":"scroll","background-type":"","background-media":"","overlay-type":"","overlay-color":"","overlay-opacity":"","overlay-gradient":""},"tablet":{"background-color":"var(--ast-global-color-5)","background-image":"","background-repeat":"repeat","background-position":"center center","background-size":"auto","background-attachment":"scroll","background-type":"","background-media":"","overlay-type":"","overlay-color":"","overlay-opacity":"","overlay-gradient":""},"mobile":{"background-color":"var(--ast-global-color-5)","background-image":"","background-repeat":"repeat","background-position":"center center","background-size":"auto","background-attachment":"scroll","background-type":"","background-media":"","overlay-type":"","overlay-color":"","overlay-opacity":"","overlay-gradient":""}},"footnotes":""},"class_list":["post-13027","page","type-page","status-publish","hentry"],"yoast_head":"<!-- This site is optimized with the Yoast SEO plugin v27.3 - https:\/\/yoast.com\/product\/yoast-seo-wordpress\/ -->\n<title>Petrolsynth\u00ae - Bioma SA<\/title>\n<meta name=\"description\" content=\"Ampelos\u00ae : aide \u00e0 \u00e9quilibrer la microbiologie du sol et \u00e0 utiliser tout le potentiel de la vigne.\" \/>\n<meta name=\"robots\" content=\"index, follow, max-snippet:-1, max-image-preview:large, max-video-preview:-1\" \/>\n<link rel=\"canonical\" href=\"https:\/\/bioma.com\/fr\/petrolsynth\/\" \/>\n<meta property=\"og:locale\" content=\"fr_FR\" \/>\n<meta property=\"og:type\" content=\"article\" \/>\n<meta property=\"og:title\" content=\"Petrolsynth\u00ae - Bioma SA\" \/>\n<meta property=\"og:description\" content=\"Ampelos\u00ae : aide \u00e0 \u00e9quilibrer la microbiologie du sol et \u00e0 utiliser tout le potentiel de la vigne.\" \/>\n<meta property=\"og:url\" content=\"https:\/\/bioma.com\/fr\/petrolsynth\/\" \/>\n<meta property=\"og:site_name\" content=\"Bioma SA\" \/>\n<meta property=\"article:publisher\" content=\"https:\/\/www.facebook.com\/profile.php?id=100089638826673\" \/>\n<meta property=\"article:modified_time\" content=\"2024-11-26T13:15:38+00:00\" \/>\n<meta property=\"og:image\" content=\"https:\/\/bioma.com\/wp-content\/uploads\/2023\/11\/Petrolsynth.png\" \/>\n\t<meta property=\"og:image:width\" content=\"323\" \/>\n\t<meta property=\"og:image:height\" content=\"360\" \/>\n\t<meta property=\"og:image:type\" content=\"image\/png\" \/>\n<meta name=\"twitter:card\" content=\"summary_large_image\" \/>\n<meta name=\"twitter:label1\" content=\"Dur\u00e9e de lecture estim\u00e9e\" \/>\n\t<meta name=\"twitter:data1\" content=\"2 minutes\" \/>\n<script type=\"application\/ld+json\" class=\"yoast-schema-graph\">{\"@context\":\"https:\\\/\\\/schema.org\",\"@graph\":[{\"@type\":\"WebPage\",\"@id\":\"https:\\\/\\\/bioma.com\\\/fr\\\/petrolsynth\\\/\",\"url\":\"https:\\\/\\\/bioma.com\\\/fr\\\/petrolsynth\\\/\",\"name\":\"Petrolsynth\u00ae - Bioma SA\",\"isPartOf\":{\"@id\":\"https:\\\/\\\/bioma.com\\\/fr\\\/#website\"},\"primaryImageOfPage\":{\"@id\":\"https:\\\/\\\/bioma.com\\\/fr\\\/petrolsynth\\\/#primaryimage\"},\"image\":{\"@id\":\"https:\\\/\\\/bioma.com\\\/fr\\\/petrolsynth\\\/#primaryimage\"},\"thumbnailUrl\":\"https:\\\/\\\/bioma.com\\\/wp-content\\\/uploads\\\/2023\\\/11\\\/Petrolsynth.png\",\"datePublished\":\"2023-11-24T09:30:06+00:00\",\"dateModified\":\"2024-11-26T13:15:38+00:00\",\"description\":\"Ampelos\u00ae : aide \u00e0 \u00e9quilibrer la microbiologie du sol et \u00e0 utiliser tout le potentiel de la vigne.\",\"breadcrumb\":{\"@id\":\"https:\\\/\\\/bioma.com\\\/fr\\\/petrolsynth\\\/#breadcrumb\"},\"inLanguage\":\"fr-FR\",\"potentialAction\":[{\"@type\":\"ReadAction\",\"target\":[\"https:\\\/\\\/bioma.com\\\/fr\\\/petrolsynth\\\/\"]}]},{\"@type\":\"ImageObject\",\"inLanguage\":\"fr-FR\",\"@id\":\"https:\\\/\\\/bioma.com\\\/fr\\\/petrolsynth\\\/#primaryimage\",\"url\":\"https:\\\/\\\/bioma.com\\\/wp-content\\\/uploads\\\/2023\\\/11\\\/Petrolsynth.png\",\"contentUrl\":\"https:\\\/\\\/bioma.com\\\/wp-content\\\/uploads\\\/2023\\\/11\\\/Petrolsynth.png\"},{\"@type\":\"BreadcrumbList\",\"@id\":\"https:\\\/\\\/bioma.com\\\/fr\\\/petrolsynth\\\/#breadcrumb\",\"itemListElement\":[{\"@type\":\"ListItem\",\"position\":1,\"name\":\"Startseite\",\"item\":\"https:\\\/\\\/bioma.com\\\/fr\\\/home\\\/\"},{\"@type\":\"ListItem\",\"position\":2,\"name\":\"Petrolsynth\u00ae\"}]},{\"@type\":\"WebSite\",\"@id\":\"https:\\\/\\\/bioma.com\\\/fr\\\/#website\",\"url\":\"https:\\\/\\\/bioma.com\\\/fr\\\/\",\"name\":\"Bioma SA\",\"description\":\"Geolife Technology\",\"publisher\":{\"@id\":\"https:\\\/\\\/bioma.com\\\/fr\\\/#organization\"},\"alternateName\":\"Bioma\",\"potentialAction\":[{\"@type\":\"SearchAction\",\"target\":{\"@type\":\"EntryPoint\",\"urlTemplate\":\"https:\\\/\\\/bioma.com\\\/fr\\\/?s={search_term_string}\"},\"query-input\":{\"@type\":\"PropertyValueSpecification\",\"valueRequired\":true,\"valueName\":\"search_term_string\"}}],\"inLanguage\":\"fr-FR\"},{\"@type\":\"Organization\",\"@id\":\"https:\\\/\\\/bioma.com\\\/fr\\\/#organization\",\"name\":\"Bioma SA\",\"alternateName\":\"Bioma\",\"url\":\"https:\\\/\\\/bioma.com\\\/fr\\\/\",\"logo\":{\"@type\":\"ImageObject\",\"inLanguage\":\"fr-FR\",\"@id\":\"https:\\\/\\\/bioma.com\\\/fr\\\/#\\\/schema\\\/logo\\\/image\\\/\",\"url\":\"https:\\\/\\\/bioma.com\\\/wp-content\\\/uploads\\\/2023\\\/05\\\/logo_Bioma_black.png\",\"contentUrl\":\"https:\\\/\\\/bioma.com\\\/wp-content\\\/uploads\\\/2023\\\/05\\\/logo_Bioma_black.png\",\"width\":1383,\"height\":408,\"caption\":\"Bioma SA\"},\"image\":{\"@id\":\"https:\\\/\\\/bioma.com\\\/fr\\\/#\\\/schema\\\/logo\\\/image\\\/\"},\"sameAs\":[\"https:\\\/\\\/www.facebook.com\\\/profile.php?id=100089638826673\",\"https:\\\/\\\/www.linkedin.com\\\/company\\\/69675437\",\"https:\\\/\\\/www.instagram.com\\\/bioma.sa\\\/\",\"https:\\\/\\\/www.youtube.com\\\/channel\\\/UCIZGmdEZWEC0Xc7w8oSKUkA\"]}]}<\/script>\n<!-- \/ Yoast SEO plugin. -->","yoast_head_json":{"title":"Petrolsynth\u00ae - Bioma SA","description":"Ampelos\u00ae : aide \u00e0 \u00e9quilibrer la microbiologie du sol et \u00e0 utiliser tout le potentiel de la vigne.","robots":{"index":"index","follow":"follow","max-snippet":"max-snippet:-1","max-image-preview":"max-image-preview:large","max-video-preview":"max-video-preview:-1"},"canonical":"https:\/\/bioma.com\/fr\/petrolsynth\/","og_locale":"fr_FR","og_type":"article","og_title":"Petrolsynth\u00ae - Bioma SA","og_description":"Ampelos\u00ae : aide \u00e0 \u00e9quilibrer la microbiologie du sol et \u00e0 utiliser tout le potentiel de la vigne.","og_url":"https:\/\/bioma.com\/fr\/petrolsynth\/","og_site_name":"Bioma SA","article_publisher":"https:\/\/www.facebook.com\/profile.php?id=100089638826673","article_modified_time":"2024-11-26T13:15:38+00:00","og_image":[{"width":323,"height":360,"url":"https:\/\/bioma.com\/wp-content\/uploads\/2023\/11\/Petrolsynth.png","type":"image\/png"}],"twitter_card":"summary_large_image","twitter_misc":{"Dur\u00e9e de lecture estim\u00e9e":"2 minutes"},"schema":{"@context":"https:\/\/schema.org","@graph":[{"@type":"WebPage","@id":"https:\/\/bioma.com\/fr\/petrolsynth\/","url":"https:\/\/bioma.com\/fr\/petrolsynth\/","name":"Petrolsynth\u00ae - Bioma SA","isPartOf":{"@id":"https:\/\/bioma.com\/fr\/#website"},"primaryImageOfPage":{"@id":"https:\/\/bioma.com\/fr\/petrolsynth\/#primaryimage"},"image":{"@id":"https:\/\/bioma.com\/fr\/petrolsynth\/#primaryimage"},"thumbnailUrl":"https:\/\/bioma.com\/wp-content\/uploads\/2023\/11\/Petrolsynth.png","datePublished":"2023-11-24T09:30:06+00:00","dateModified":"2024-11-26T13:15:38+00:00","description":"Ampelos\u00ae : aide \u00e0 \u00e9quilibrer la microbiologie du sol et \u00e0 utiliser tout le potentiel de la vigne.","breadcrumb":{"@id":"https:\/\/bioma.com\/fr\/petrolsynth\/#breadcrumb"},"inLanguage":"fr-FR","potentialAction":[{"@type":"ReadAction","target":["https:\/\/bioma.com\/fr\/petrolsynth\/"]}]},{"@type":"ImageObject","inLanguage":"fr-FR","@id":"https:\/\/bioma.com\/fr\/petrolsynth\/#primaryimage","url":"https:\/\/bioma.com\/wp-content\/uploads\/2023\/11\/Petrolsynth.png","contentUrl":"https:\/\/bioma.com\/wp-content\/uploads\/2023\/11\/Petrolsynth.png"},{"@type":"BreadcrumbList","@id":"https:\/\/bioma.com\/fr\/petrolsynth\/#breadcrumb","itemListElement":[{"@type":"ListItem","position":1,"name":"Startseite","item":"https:\/\/bioma.com\/fr\/home\/"},{"@type":"ListItem","position":2,"name":"Petrolsynth\u00ae"}]},{"@type":"WebSite","@id":"https:\/\/bioma.com\/fr\/#website","url":"https:\/\/bioma.com\/fr\/","name":"Bioma SA","description":"Geolife Technology","publisher":{"@id":"https:\/\/bioma.com\/fr\/#organization"},"alternateName":"Bioma","potentialAction":[{"@type":"SearchAction","target":{"@type":"EntryPoint","urlTemplate":"https:\/\/bioma.com\/fr\/?s={search_term_string}"},"query-input":{"@type":"PropertyValueSpecification","valueRequired":true,"valueName":"search_term_string"}}],"inLanguage":"fr-FR"},{"@type":"Organization","@id":"https:\/\/bioma.com\/fr\/#organization","name":"Bioma SA","alternateName":"Bioma","url":"https:\/\/bioma.com\/fr\/","logo":{"@type":"ImageObject","inLanguage":"fr-FR","@id":"https:\/\/bioma.com\/fr\/#\/schema\/logo\/image\/","url":"https:\/\/bioma.com\/wp-content\/uploads\/2023\/05\/logo_Bioma_black.png","contentUrl":"https:\/\/bioma.com\/wp-content\/uploads\/2023\/05\/logo_Bioma_black.png","width":1383,"height":408,"caption":"Bioma SA"},"image":{"@id":"https:\/\/bioma.com\/fr\/#\/schema\/logo\/image\/"},"sameAs":["https:\/\/www.facebook.com\/profile.php?id=100089638826673","https:\/\/www.linkedin.com\/company\/69675437","https:\/\/www.instagram.com\/bioma.sa\/","https:\/\/www.youtube.com\/channel\/UCIZGmdEZWEC0Xc7w8oSKUkA"]}]}},"_links":{"self":[{"href":"https:\/\/bioma.com\/fr\/wp-json\/wp\/v2\/pages\/13027","targetHints":{"allow":["GET"]}}],"collection":[{"href":"https:\/\/bioma.com\/fr\/wp-json\/wp\/v2\/pages"}],"about":[{"href":"https:\/\/bioma.com\/fr\/wp-json\/wp\/v2\/types\/page"}],"author":[{"embeddable":true,"href":"https:\/\/bioma.com\/fr\/wp-json\/wp\/v2\/users\/1"}],"replies":[{"embeddable":true,"href":"https:\/\/bioma.com\/fr\/wp-json\/wp\/v2\/comments?post=13027"}],"version-history":[{"count":5,"href":"https:\/\/bioma.com\/fr\/wp-json\/wp\/v2\/pages\/13027\/revisions"}],"predecessor-version":[{"id":15755,"href":"https:\/\/bioma.com\/fr\/wp-json\/wp\/v2\/pages\/13027\/revisions\/15755"}],"wp:attachment":[{"href":"https:\/\/bioma.com\/fr\/wp-json\/wp\/v2\/media?parent=13027"}],"curies":[{"name":"wp","href":"https:\/\/api.w.org\/{rel}","templated":true}]}}